{"id":588,"date":"2017-07-24T09:56:57","date_gmt":"2017-07-24T09:56:57","guid":{"rendered":"http:\/\/www.campingbenidorm.com\/wordpress\/alojamiento\/"},"modified":"2020-05-14T12:08:27","modified_gmt":"2020-05-14T12:08:27","slug":"verfuegbare-unterkuenfte","status":"publish","type":"page","link":"https:\/\/www.campingbenidorm.com\/de\/verfuegbare-unterkuenfte\/","title":{"rendered":"Verf\u00fcgbare Unterk\u00fcnfte"},"content":{"rendered":"<div class=\"wpb-content-wrapper\"><p>[vc_row css=&#8220;.vc_custom_1499760555331{margin-top: -50px !important;}&#8220;][vc_column][vc_column_text]<\/p>\n<h3 style=\"text-align: center;\">VERF\u00dcGBARE UNTERK\u00dcNFTE<\/h3>\n<p><img loading=\"lazy\" decoding=\"async\" class=\"alignnone size-full wp-image-70\" src=\"https:\/\/www.campingbenidorm.com\/wp-content\/uploads\/2017\/06\/separador_camping.png\" alt=\"\" width=\"1211\" height=\"4\" srcset=\"https:\/\/www.campingbenidorm.com\/wp-content\/uploads\/2017\/06\/separador_camping.png 1211w, https:\/\/www.campingbenidorm.com\/wp-content\/uploads\/2017\/06\/separador_camping-300x1.png 300w, https:\/\/www.campingbenidorm.com\/wp-content\/uploads\/2017\/06\/separador_camping-768x3.png 768w, https:\/\/www.campingbenidorm.com\/wp-content\/uploads\/2017\/06\/separador_camping-1024x3.png 1024w\" sizes=\"(max-width: 1211px) 100vw, 1211px\" \/>[\/vc_column_text][\/vc_column][\/vc_row][vc_row][vc_column][\/vc_column][\/vc_row][vc_row full_width=&#8220;stretch_row&#8220; gap=&#8220;20&#8243; full_height=&#8220;yes&#8220; columns_placement=&#8220;top&#8220;][vc_column width=&#8220;1\/2&#8243;][vc_column_text]<\/p>\n<h3 style=\"color: #dc8b10; text-align: left;\">Stellpl\u00e4tze<\/h3>\n<p>&nbsp;<\/p>\n<p><img loading=\"lazy\" decoding=\"async\" class=\"alignnone size-full wp-image-480\" src=\"https:\/\/www.campingbenidorm.com\/wp-content\/uploads\/2017\/07\/parcellele.jpg\" alt=\"\" width=\"800\" height=\"504\" srcset=\"https:\/\/www.campingbenidorm.com\/wp-content\/uploads\/2017\/07\/parcellele.jpg 800w, https:\/\/www.campingbenidorm.com\/wp-content\/uploads\/2017\/07\/parcellele-300x189.jpg 300w, https:\/\/www.campingbenidorm.com\/wp-content\/uploads\/2017\/07\/parcellele-768x484.jpg 768w\" sizes=\"(max-width: 800px) 100vw, 800px\" \/><\/p>\n<p>60 m\u00b2 gro\u00dfe Stellpl\u00e4tze mit einem Boden aus Kies oder Erde, umrahmt von Hecken und ausgestattet mit Strom- und Wasseranschl\u00fcssen. Geeignet f\u00fcr Zelte, Wohnmobile und Wohnwagen mittlerer Gr\u00f6\u00dfe. Die Stellpl\u00e4tze verf\u00fcgen \u00fcber eine Fl\u00e4che, wo das Auto unter einem Dach abgestellt werden kann. Kleine Hunde k\u00f6nnen mitgebracht werden (nicht gef\u00e4hrliche Hunderassen mit einem Gewicht von bis zu 15 kg). Sie m\u00fcssen immer unter Aufsicht und angeleint sein.[\/vc_column_text][vc_btn title=&#8220;Preise anzeigen&#8220; color=&#8220;warning&#8220; size=&#8220;lg&#8220; i_icon_fontawesome=&#8220;fa fa-check&#8220; add_icon=&#8220;true&#8220; link=&#8220;url:http%3A%2F%2Fwww.campingbenidorm.com%2Fde%2Fparcelas%2F|||&#8220;][\/vc_column][vc_column width=&#8220;1\/2&#8243;][vc_column_text]<\/p>\n<h3 style=\"color: #dc8b10; text-align: left;\">Bungalows<\/h3>\n<p>&nbsp;<\/p>\n<p><img loading=\"lazy\" decoding=\"async\" class=\"alignnone size-full wp-image-479\" src=\"https:\/\/www.campingbenidorm.com\/wp-content\/uploads\/2017\/07\/bungalows.jpg\" alt=\"\" width=\"800\" height=\"504\" srcset=\"https:\/\/www.campingbenidorm.com\/wp-content\/uploads\/2017\/07\/bungalows.jpg 800w, https:\/\/www.campingbenidorm.com\/wp-content\/uploads\/2017\/07\/bungalows-300x189.jpg 300w, https:\/\/www.campingbenidorm.com\/wp-content\/uploads\/2017\/07\/bungalows-768x484.jpg 768w\" sizes=\"(max-width: 800px) 100vw, 800px\" \/><\/p>\n<p>Au\u00dfergew\u00f6hnliche, aus Mauerwerk errichtete Unterk\u00fcnfte. Sie sind vollst\u00e4ndig f\u00fcr mindestens 2 bis maximal 7 Personen ausgestattet (Bettw\u00e4sche, Handt\u00fccher, Geschirr, Bestecke&#8230;).<\/p>\n<p>Die Bungalows verf\u00fcgen \u00fcber ein Badezimmer mit Dusche, eine voll ausgestattete K\u00fcche, ein Esszimmer, Veranda-Terrasse mit einem Tisch, um im im Freien zu fr\u00fchst\u00fccken, sowie einen Parkplatz neben dem Bungalow. Alle Bungalows sind mit Heizung, Klimaanlage und optionalem WLAN (Tarife bitte an der Rezeption erfragen) ausgestattet. Tiere sind nicht erlaubt.[\/vc_column_text][vc_btn title=&#8220;Preise anzeigen&#8220; color=&#8220;warning&#8220; size=&#8220;lg&#8220; i_icon_fontawesome=&#8220;fa fa-check&#8220; add_icon=&#8220;true&#8220; link=&#8220;url:http%3A%2F%2Fwww.campingbenidorm.com%2Fde%2Fbungalows%2F|||&#8220;][\/vc_column][\/vc_row]<\/p>\n<\/div>","protected":false},"excerpt":{"rendered":"<p>[vc_row css=&#8220;.vc_custom_1499760555331{margin-top: -50px !important;}&#8220;][vc_column][vc_column_text] VERF\u00dcGBARE UNTERK\u00dcNFTE [\/vc_column_text][\/vc_column][\/vc_row][vc_row][vc_column][\/vc_column][\/vc_row][vc_row full_width=&#8220;stretch_row&#8220; gap=&#8220;20&#8243; full_height=&#8220;yes&#8220; columns_placement=&#8220;top&#8220;][vc_column width=&#8220;1\/2&#8243;][vc_column_text] Stellpl\u00e4tze &nbsp; 60 m\u00b2 gro\u00dfe Stellpl\u00e4tze mit einem Boden aus Kies oder Erde, umrahmt von Hecken und ausgestattet mit Strom- und Wasseranschl\u00fcssen. Geeignet f\u00fcr Zelte, Wohnmobile und Wohnwagen mittlerer Gr\u00f6\u00dfe. Die Stellpl\u00e4tze verf\u00fcgen \u00fcber eine Fl\u00e4che, wo das Auto unter einem Dach abgestellt&hellip;<\/p>\n","protected":false},"author":1,"featured_media":0,"parent":0,"menu_order":0,"comment_status":"closed","ping_status":"closed","template":"","meta":{"footnotes":""},"_links":{"self":[{"href":"https:\/\/www.campingbenidorm.com\/de\/wp-json\/wp\/v2\/pages\/588"}],"collection":[{"href":"https:\/\/www.campingbenidorm.com\/de\/wp-json\/wp\/v2\/pages"}],"about":[{"href":"https:\/\/www.campingbenidorm.com\/de\/wp-json\/wp\/v2\/types\/page"}],"author":[{"embeddable":true,"href":"https:\/\/www.campingbenidorm.com\/de\/wp-json\/wp\/v2\/users\/1"}],"replies":[{"embeddable":true,"href":"https:\/\/www.campingbenidorm.com\/de\/wp-json\/wp\/v2\/comments?post=588"}],"version-history":[{"count":5,"href":"https:\/\/www.campingbenidorm.com\/de\/wp-json\/wp\/v2\/pages\/588\/revisions"}],"predecessor-version":[{"id":979,"href":"https:\/\/www.campingbenidorm.com\/de\/wp-json\/wp\/v2\/pages\/588\/revisions\/979"}],"wp:attachment":[{"href":"https:\/\/www.campingbenidorm.com\/de\/wp-json\/wp\/v2\/media?parent=588"}],"curies":[{"name":"wp","href":"https:\/\/api.w.org\/{rel}","templated":true}]}}