{"id":591,"date":"2017-07-26T07:02:24","date_gmt":"2017-07-26T07:02:24","guid":{"rendered":"http:\/\/www.campingbenidorm.com\/wordpress\/bar-cafeteria\/"},"modified":"2017-08-28T11:23:31","modified_gmt":"2017-08-28T11:23:31","slug":"bar-cafe","status":"publish","type":"page","link":"https:\/\/www.campingbenidorm.com\/de\/bar-cafe\/","title":{"rendered":"Bar \/ Caf\u00e9"},"content":{"rendered":"<div class=\"wpb-content-wrapper\"><p>[vc_row css=&#8220;.vc_custom_1499760555331{margin-top: -50px !important;}&#8220;][vc_column][vc_column_text]<\/p>\n<h3 style=\"text-align: center;\">Urlaub zu machen bedeutet nicht, auf eine gute Ern\u00e4hrung zu verzichten<\/h3>\n<p><img loading=\"lazy\" decoding=\"async\" class=\"alignnone size-full wp-image-70\" src=\"https:\/\/www.campingbenidorm.com\/wp-content\/uploads\/2017\/06\/separador_camping.png\" alt=\"\" width=\"1211\" height=\"4\" srcset=\"https:\/\/www.campingbenidorm.com\/wp-content\/uploads\/2017\/06\/separador_camping.png 1211w, https:\/\/www.campingbenidorm.com\/wp-content\/uploads\/2017\/06\/separador_camping-300x1.png 300w, https:\/\/www.campingbenidorm.com\/wp-content\/uploads\/2017\/06\/separador_camping-768x3.png 768w, https:\/\/www.campingbenidorm.com\/wp-content\/uploads\/2017\/06\/separador_camping-1024x3.png 1024w\" sizes=\"(max-width: 1211px) 100vw, 1211px\" \/>[\/vc_column_text][\/vc_column][\/vc_row][vc_row][vc_column][vc_column_text]<\/p>\n<p style=\"text-align: center;\">\u00d6ffnungszeiten Bar-Restaurant, von Montag bis Sonntag von 10 bis 0:00 Uhr \/\/ Die K\u00fcche schlie\u00dft um 21:30 Uhr.<\/p>\n<p>[\/vc_column_text][\/vc_column][\/vc_row][vc_row full_width=&#8220;stretch_row&#8220; gap=&#8220;20&#8243; full_height=&#8220;yes&#8220; columns_placement=&#8220;top&#8220;][vc_column width=&#8220;1\/2&#8243;][vc_column_text]Auf dem Campingplatz Benidorm bem\u00fchen wir uns, unseren G\u00e4sten einen optimalen Service zu bieten. Besuchen Sie uns und \u00fcberzeugen Sie sich selbst davon, wir erwarten Sie!<\/p>\n<p>Im Restaurant CB\u00b4S, <strong>in dem<\/strong> <strong>100 G\u00e4ste Platz finden<\/strong>, k\u00f6nnen Sie schmackhafte, preisg\u00fcnstige Tagesmen\u00fcs genie\u00dfen, die mit hochwertigen Zutaten zubereitet werden. Auch unsere Speisekarte bietet Ihnen eine Vielfalt an ausgezeichneten Tellergerichten f\u00fcr die ganze Familie.<\/p>\n<p>Damit sich unsere internationalen G\u00e4ste wie zuhause f\u00fchlen, offerieren wir jeden Freitag leckere Fish and Chips und an den Sonntagen das klassische Carvery. Nutzen Sie diese Gelegenheit, um typische Gerichte der englischen Gastronomie kennen zu lernen.<\/p>\n<p>Das ganze Jahr \u00fcber k\u00f6nnen Sie unsere vergn\u00fcglichen Livemusiksessions, Karaoke f\u00fcr die Mutigeren und Quiz f\u00fcr diejenigen, die gerne ihren Geist trainieren, genie\u00dfen und schlie\u00dflich d\u00fcrfen nicht unsere traditionellen improvisierten Musiksessions, die \u201cJam-Sessions\u201d, fehlen.<\/p>\n<p>Wir sind das ganze Jahr \u00fcber ge\u00f6ffnet und verf\u00fcgen \u00fcber kostenlose Parkm\u00f6glichkeiten f\u00fcr unsere Kunden.<\/p>\n<p>Auf Bestellung organisieren wir gerne Essen f\u00fcr Gruppen, Unternehmen oder jede andere Art von Feiern.[\/vc_column_text][\/vc_column][vc_column width=&#8220;1\/2&#8243;][vc_column_text]\t\t\t<script src=\"\/\/www.campingbenidorm.com\/wp-content\/plugins\/revslider\/public\/assets\/js\/rbtools.min.js?rev=6.6.20\"><\/script>\n\t\t\t<script src=\"\/\/www.campingbenidorm.com\/wp-content\/plugins\/revslider\/public\/assets\/js\/rs6.min.js?rev=6.6.20\"><\/script>\n\n\t\t\t<!-- START bar REVOLUTION SLIDER 6.6.20 --><p class=\"rs-p-wp-fix\"><\/p>\n\t\t\t<rs-module-wrap id=\"rev_slider_3_1_wrapper\" data-source=\"gallery\" style=\"visibility:hidden;background:transparent;padding:0;margin:0px auto;margin-top:0;margin-bottom:0;\">\n\t\t\t\t<rs-module id=\"rev_slider_3_1\" style=\"\" data-version=\"6.6.20\">\n\t\t\t\t\t<rs-slides style=\"overflow: hidden; position: absolute;\">\n\t\t\t\t\t\t<rs-slide style=\"position: absolute;\" data-key=\"rs-59\" data-title=\"Slide\" data-thumb=\"\/\/www.campingbenidorm.com\/wp-content\/uploads\/2020\/05\/01-100x50.jpg\" data-anim=\"ms:600;r:0;\" data-in=\"o:0;\" data-out=\"a:false;\">\n\t\t\t\t\t\t\t<img decoding=\"async\" src=\"\/\/www.campingbenidorm.com\/wp-content\/plugins\/revslider\/public\/assets\/assets\/dummy.png\" alt=\"\" title=\"01\" width=\"700\" height=\"700\" class=\"rev-slidebg tp-rs-img rs-lazyload\" data-lazyload=\"\/\/www.campingbenidorm.com\/wp-content\/uploads\/2020\/05\/01.jpg\" data-no-retina>\n<!---->\t\t\t\t\t\t<\/rs-slide>\n\t\t\t\t\t\t<rs-slide style=\"position: absolute;\" data-key=\"rs-56\" data-title=\"Slide\" data-thumb=\"\/\/www.campingbenidorm.com\/wp-content\/uploads\/2020\/05\/02-100x50.jpg\" data-anim=\"ms:600;r:0;\" data-in=\"o:0;\" data-out=\"a:false;\">\n\t\t\t\t\t\t\t<img decoding=\"async\" src=\"\/\/www.campingbenidorm.com\/wp-content\/plugins\/revslider\/public\/assets\/assets\/dummy.png\" alt=\"\" title=\"02\" width=\"700\" height=\"700\" class=\"rev-slidebg tp-rs-img rs-lazyload\" data-lazyload=\"\/\/www.campingbenidorm.com\/wp-content\/uploads\/2020\/05\/02.jpg\" data-no-retina>\n<!---->\t\t\t\t\t\t<\/rs-slide>\n\t\t\t\t\t\t<rs-slide style=\"position: absolute;\" data-key=\"rs-54\" data-title=\"Slide\" data-thumb=\"\/\/www.campingbenidorm.com\/wp-content\/uploads\/2020\/05\/03-100x50.jpg\" data-anim=\"ms:600;r:0;\" data-in=\"o:0;\" data-out=\"a:false;\">\n\t\t\t\t\t\t\t<img decoding=\"async\" src=\"\/\/www.campingbenidorm.com\/wp-content\/plugins\/revslider\/public\/assets\/assets\/dummy.png\" alt=\"\" title=\"03\" width=\"700\" height=\"700\" class=\"rev-slidebg tp-rs-img rs-lazyload\" data-lazyload=\"\/\/www.campingbenidorm.com\/wp-content\/uploads\/2020\/05\/03.jpg\" data-no-retina>\n<!---->\t\t\t\t\t\t<\/rs-slide>\n\t\t\t\t\t\t<rs-slide style=\"position: absolute;\" data-key=\"rs-60\" data-title=\"Slide\" data-thumb=\"\/\/www.campingbenidorm.com\/wp-content\/uploads\/2020\/05\/04-100x50.jpg\" data-anim=\"ms:600;r:0;\" data-in=\"o:0;\" data-out=\"a:false;\">\n\t\t\t\t\t\t\t<img decoding=\"async\" src=\"\/\/www.campingbenidorm.com\/wp-content\/plugins\/revslider\/public\/assets\/assets\/dummy.png\" alt=\"\" title=\"04\" width=\"700\" height=\"700\" class=\"rev-slidebg tp-rs-img rs-lazyload\" data-lazyload=\"\/\/www.campingbenidorm.com\/wp-content\/uploads\/2020\/05\/04.jpg\" data-no-retina>\n<!---->\t\t\t\t\t\t<\/rs-slide>\n\t\t\t\t\t\t<rs-slide style=\"position: absolute;\" data-key=\"rs-61\" data-title=\"Slide\" data-thumb=\"\/\/www.campingbenidorm.com\/wp-content\/uploads\/2020\/05\/05-100x50.jpg\" data-anim=\"ms:600;r:0;\" data-in=\"o:0;\" data-out=\"a:false;\">\n\t\t\t\t\t\t\t<img decoding=\"async\" src=\"\/\/www.campingbenidorm.com\/wp-content\/plugins\/revslider\/public\/assets\/assets\/dummy.png\" alt=\"\" title=\"05\" width=\"700\" height=\"700\" class=\"rev-slidebg tp-rs-img rs-lazyload\" data-lazyload=\"\/\/www.campingbenidorm.com\/wp-content\/uploads\/2020\/05\/05.jpg\" data-no-retina>\n<!---->\t\t\t\t\t\t<\/rs-slide>\n\t\t\t\t\t\t<rs-slide style=\"position: absolute;\" data-key=\"rs-62\" data-title=\"Slide\" data-thumb=\"\/\/www.campingbenidorm.com\/wp-content\/uploads\/2020\/05\/06-100x50.jpg\" data-anim=\"ms:600;r:0;\" data-in=\"o:0;\" data-out=\"a:false;\">\n\t\t\t\t\t\t\t<img decoding=\"async\" src=\"\/\/www.campingbenidorm.com\/wp-content\/plugins\/revslider\/public\/assets\/assets\/dummy.png\" alt=\"\" title=\"06\" width=\"700\" height=\"700\" class=\"rev-slidebg tp-rs-img rs-lazyload\" data-lazyload=\"\/\/www.campingbenidorm.com\/wp-content\/uploads\/2020\/05\/06.jpg\" data-no-retina>\n<!---->\t\t\t\t\t\t<\/rs-slide>\n\t\t\t\t\t<\/rs-slides>\n\t\t\t\t<\/rs-module>\n\t\t\t\t<script>\n\t\t\t\t\tsetREVStartSize({c: 'rev_slider_3_1',rl:[1240,1024,778,480],el:[700],gw:[700],gh:[700],type:'standard',justify:'',layout:'fullwidth',mh:\"0\"});if (window.RS_MODULES!==undefined && window.RS_MODULES.modules!==undefined && window.RS_MODULES.modules[\"revslider31\"]!==undefined) {window.RS_MODULES.modules[\"revslider31\"].once = false;window.revapi3 = undefined;if (window.RS_MODULES.checkMinimal!==undefined) window.RS_MODULES.checkMinimal()}\n\t\t\t\t<\/script>\n\t\t\t<\/rs-module-wrap>\n\t\t\t<!-- END REVOLUTION SLIDER -->\n[\/vc_column_text][\/vc_column][\/vc_row]<\/p>\n<\/div>","protected":false},"excerpt":{"rendered":"<p>[vc_row css=&#8220;.vc_custom_1499760555331{margin-top: -50px !important;}&#8220;][vc_column][vc_column_text] Urlaub zu machen bedeutet nicht, auf eine gute Ern\u00e4hrung zu verzichten [\/vc_column_text][\/vc_column][\/vc_row][vc_row][vc_column][vc_column_text] \u00d6ffnungszeiten Bar-Restaurant, von Montag bis Sonntag von 10 bis 0:00 Uhr \/\/ Die K\u00fcche schlie\u00dft um 21:30 Uhr. [\/vc_column_text][\/vc_column][\/vc_row][vc_row full_width=&#8220;stretch_row&#8220; gap=&#8220;20&#8243; full_height=&#8220;yes&#8220; columns_placement=&#8220;top&#8220;][vc_column width=&#8220;1\/2&#8243;][vc_column_text]Auf dem Campingplatz Benidorm bem\u00fchen wir uns, unseren G\u00e4sten einen optimalen Service zu bieten. Besuchen Sie&hellip;<\/p>\n","protected":false},"author":1,"featured_media":0,"parent":0,"menu_order":0,"comment_status":"closed","ping_status":"closed","template":"","meta":{"footnotes":""},"_links":{"self":[{"href":"https:\/\/www.campingbenidorm.com\/de\/wp-json\/wp\/v2\/pages\/591"}],"collection":[{"href":"https:\/\/www.campingbenidorm.com\/de\/wp-json\/wp\/v2\/pages"}],"about":[{"href":"https:\/\/www.campingbenidorm.com\/de\/wp-json\/wp\/v2\/types\/page"}],"author":[{"embeddable":true,"href":"https:\/\/www.campingbenidorm.com\/de\/wp-json\/wp\/v2\/users\/1"}],"replies":[{"embeddable":true,"href":"https:\/\/www.campingbenidorm.com\/de\/wp-json\/wp\/v2\/comments?post=591"}],"version-history":[{"count":4,"href":"https:\/\/www.campingbenidorm.com\/de\/wp-json\/wp\/v2\/pages\/591\/revisions"}],"predecessor-version":[{"id":600,"href":"https:\/\/www.campingbenidorm.com\/de\/wp-json\/wp\/v2\/pages\/591\/revisions\/600"}],"wp:attachment":[{"href":"https:\/\/www.campingbenidorm.com\/de\/wp-json\/wp\/v2\/media?parent=591"}],"curies":[{"name":"wp","href":"https:\/\/api.w.org\/{rel}","templated":true}]}}