{"id":609,"date":"2017-07-21T10:27:02","date_gmt":"2017-07-21T10:27:02","guid":{"rendered":"http:\/\/www.campingbenidorm.com\/wordpress\/condiciones-del-camping\/"},"modified":"2020-06-19T07:00:45","modified_gmt":"2020-06-19T07:00:45","slug":"allgemeine-geschaeftsbedingungen-fuer-die-reservierung","status":"publish","type":"page","link":"https:\/\/www.campingbenidorm.com\/de\/allgemeine-geschaeftsbedingungen-fuer-die-reservierung\/","title":{"rendered":"Allgemeine Gesch\u00e4ftsbedingungen f\u00fcr die Reservierung"},"content":{"rendered":"<div class=\"wpb-content-wrapper\"><p>[vc_row][vc_column][vc_column_text]<\/p>\n<h3>Allgemeine Gesch\u00e4ftsbedingungen f\u00fcr die Reservierung<\/h3>\n<p><img loading=\"lazy\" decoding=\"async\" class=\"alignnone size-full wp-image-70\" src=\"https:\/\/www.campingbenidorm.com\/wp-content\/uploads\/2017\/06\/separador_camping.png\" alt=\"\" width=\"1211\" height=\"4\" srcset=\"https:\/\/www.campingbenidorm.com\/wp-content\/uploads\/2017\/06\/separador_camping.png 1211w, https:\/\/www.campingbenidorm.com\/wp-content\/uploads\/2017\/06\/separador_camping-300x1.png 300w, https:\/\/www.campingbenidorm.com\/wp-content\/uploads\/2017\/06\/separador_camping-768x3.png 768w, https:\/\/www.campingbenidorm.com\/wp-content\/uploads\/2017\/06\/separador_camping-1024x3.png 1024w\" sizes=\"(max-width: 1211px) 100vw, 1211px\" \/><\/p>\n<p>Bei einer Reservierung akzeptiert der Kunde die allgemeinen Gesch\u00e4ftsbedingungen sowie die spezifischen Gesetze und Regulierungen, insbesondere das Dekret 6\/2015 vom 23. Januar, der Regierung von Valencia.<\/p>\n<h3>VERANTWORTUNG DES KUNDEN<\/h3>\n<p><img loading=\"lazy\" decoding=\"async\" class=\"alignnone size-full wp-image-70\" src=\"https:\/\/www.campingbenidorm.com\/wp-content\/uploads\/2017\/06\/separador_camping.png\" alt=\"\" width=\"1211\" height=\"4\" srcset=\"https:\/\/www.campingbenidorm.com\/wp-content\/uploads\/2017\/06\/separador_camping.png 1211w, https:\/\/www.campingbenidorm.com\/wp-content\/uploads\/2017\/06\/separador_camping-300x1.png 300w, https:\/\/www.campingbenidorm.com\/wp-content\/uploads\/2017\/06\/separador_camping-768x3.png 768w, https:\/\/www.campingbenidorm.com\/wp-content\/uploads\/2017\/06\/separador_camping-1024x3.png 1024w\" sizes=\"(max-width: 1211px) 100vw, 1211px\" \/><\/p>\n<p>Bei der Reservierung ist der Kunde allein verantwortlich f\u00fcr die Genauigkeit seiner Angaben. Stellt sich heraus, das diese falsch sind, wird die Reservierung sofort anulliert.<\/p>\n<p>Die Reservierung wird mit einer Vorauszahlung get\u00e4tigt, normalerweise \u00fcber Bank\u00fcberweisung auf das Konto des Campingplatzes. Sobald der Camping die Vorauszahlung bekommen hat, wird die Reservierung effektiv. Bei Ankunft am Campingplatz muss der Kunde den \u00dcberweisungsauszug vorweisen.<\/p>\n<p>Reservierung k\u00f6nnen bis zu 3 Tage der vorgesehenen Ankunft gemacht werden.<\/p>\n<p>Bei der Reservierung wird die Unterkunft basierend auf den Bed\u00fcrfnissen des Kunden und der verf\u00fcgbaren Unterkunft zugewiesen.<\/p>\n<p>Der Campingplatz garantiert nicht die Zuweisung einer bestimmten Unterkunft (z. B. &#8222;Bungalow Nr. ___&#8220; oder &#8222;Parzelle Nr. ___&#8220;).<\/p>\n<h3>ANULLIERUNGEN<\/h3>\n<p><img loading=\"lazy\" decoding=\"async\" class=\"alignnone size-full wp-image-70\" src=\"https:\/\/www.campingbenidorm.com\/wp-content\/uploads\/2017\/06\/separador_camping.png\" alt=\"\" width=\"1211\" height=\"4\" srcset=\"https:\/\/www.campingbenidorm.com\/wp-content\/uploads\/2017\/06\/separador_camping.png 1211w, https:\/\/www.campingbenidorm.com\/wp-content\/uploads\/2017\/06\/separador_camping-300x1.png 300w, https:\/\/www.campingbenidorm.com\/wp-content\/uploads\/2017\/06\/separador_camping-768x3.png 768w, https:\/\/www.campingbenidorm.com\/wp-content\/uploads\/2017\/06\/separador_camping-1024x3.png 1024w\" sizes=\"(max-width: 1211px) 100vw, 1211px\" \/><br \/>\nDer Kunde kann jederzeit die Reservierung stornieren und hat das Recht auf R\u00fcckgabe der Vorauszahlung. Ein Prozentsatz wird aber davon als Entsch\u00e4digung abgezogen: 5% der Vorauszahlung, wenn die Stornierung 30 Tage oder l\u00e4nger vor der geplanten Anreise erfolgt. 50% der Vorauszahlung, wenn die Stornierung zwischen 30 und 7 Tage vor der geplanten Anreise erfolgt. 100% der Vorauszahlung, wenn die Stornierung weniger als 7 Tage vor der Anreise erfolgt.<\/p>\n<p>Erscheint der Kunde am geplanten Anreisetag nicht auf dem Campingplatz, wird die Reservierung automatisch storniert.[\/vc_column_text][\/vc_column][\/vc_row]<\/p>\n<\/div>","protected":false},"excerpt":{"rendered":"<p>[vc_row][vc_column][vc_column_text] Allgemeine Gesch\u00e4ftsbedingungen f\u00fcr die Reservierung Bei einer Reservierung akzeptiert der Kunde die allgemeinen Gesch\u00e4ftsbedingungen sowie die spezifischen Gesetze und Regulierungen, insbesondere das Dekret 6\/2015 vom 23. Januar, der Regierung von Valencia. VERANTWORTUNG DES KUNDEN Bei der Reservierung ist der Kunde allein verantwortlich f\u00fcr die Genauigkeit seiner Angaben. Stellt sich heraus, das diese falsch sind,&hellip;<\/p>\n","protected":false},"author":1,"featured_media":0,"parent":0,"menu_order":0,"comment_status":"closed","ping_status":"closed","template":"","meta":{"footnotes":""},"_links":{"self":[{"href":"https:\/\/www.campingbenidorm.com\/de\/wp-json\/wp\/v2\/pages\/609"}],"collection":[{"href":"https:\/\/www.campingbenidorm.com\/de\/wp-json\/wp\/v2\/pages"}],"about":[{"href":"https:\/\/www.campingbenidorm.com\/de\/wp-json\/wp\/v2\/types\/page"}],"author":[{"embeddable":true,"href":"https:\/\/www.campingbenidorm.com\/de\/wp-json\/wp\/v2\/users\/1"}],"replies":[{"embeddable":true,"href":"https:\/\/www.campingbenidorm.com\/de\/wp-json\/wp\/v2\/comments?post=609"}],"version-history":[{"count":5,"href":"https:\/\/www.campingbenidorm.com\/de\/wp-json\/wp\/v2\/pages\/609\/revisions"}],"predecessor-version":[{"id":1238,"href":"https:\/\/www.campingbenidorm.com\/de\/wp-json\/wp\/v2\/pages\/609\/revisions\/1238"}],"wp:attachment":[{"href":"https:\/\/www.campingbenidorm.com\/de\/wp-json\/wp\/v2\/media?parent=609"}],"curies":[{"name":"wp","href":"https:\/\/api.w.org\/{rel}","templated":true}]}}