{"id":627,"date":"2017-06-27T08:57:47","date_gmt":"2017-06-27T08:57:47","guid":{"rendered":"http:\/\/www.campingbenidorm.com\/wordpress\/entorno\/"},"modified":"2017-08-29T09:49:23","modified_gmt":"2017-08-29T09:49:23","slug":"unsere-umgebung","status":"publish","type":"page","link":"https:\/\/www.campingbenidorm.com\/de\/unsere-umgebung\/","title":{"rendered":"Unsere Umgebung"},"content":{"rendered":"<div class=\"wpb-content-wrapper\"><p>[vc_row][vc_column css=&#8220;.vc_custom_1499760894680{margin-top: -50px !important;}&#8220;][vc_column_text]<\/p>\n<h3 style=\"text-align: center;\">Unsere Umgebung<\/h3>\n<p><img loading=\"lazy\" decoding=\"async\" class=\"alignnone size-full wp-image-70\" src=\"https:\/\/www.campingbenidorm.com\/wp-content\/uploads\/2017\/06\/separador_camping.png\" alt=\"\" width=\"1211\" height=\"4\" srcset=\"https:\/\/www.campingbenidorm.com\/wp-content\/uploads\/2017\/06\/separador_camping.png 1211w, https:\/\/www.campingbenidorm.com\/wp-content\/uploads\/2017\/06\/separador_camping-300x1.png 300w, https:\/\/www.campingbenidorm.com\/wp-content\/uploads\/2017\/06\/separador_camping-768x3.png 768w, https:\/\/www.campingbenidorm.com\/wp-content\/uploads\/2017\/06\/separador_camping-1024x3.png 1024w\" sizes=\"(max-width: 1211px) 100vw, 1211px\" \/>[\/vc_column_text][\/vc_column][\/vc_row][vc_row][vc_column width=&#8220;1\/3&#8243;][vc_column_text]<\/p>\n<h4 style=\"text-align: center;\">Terra Natura<img loading=\"lazy\" decoding=\"async\" class=\"alignnone size-full wp-image-70\" src=\"https:\/\/www.campingbenidorm.com\/wp-content\/uploads\/2017\/06\/separador_camping.png\" alt=\"\" width=\"1211\" height=\"4\" srcset=\"https:\/\/www.campingbenidorm.com\/wp-content\/uploads\/2017\/06\/separador_camping.png 1211w, https:\/\/www.campingbenidorm.com\/wp-content\/uploads\/2017\/06\/separador_camping-300x1.png 300w, https:\/\/www.campingbenidorm.com\/wp-content\/uploads\/2017\/06\/separador_camping-768x3.png 768w, https:\/\/www.campingbenidorm.com\/wp-content\/uploads\/2017\/06\/separador_camping-1024x3.png 1024w\" sizes=\"(max-width: 1211px) 100vw, 1211px\" \/><\/h4>\n<p style=\"text-align: justify;\"><img loading=\"lazy\" decoding=\"async\" class=\"alignnone size-full wp-image-138\" src=\"https:\/\/www.campingbenidorm.com\/wp-content\/uploads\/2017\/06\/parque-atracciones.jpg\" alt=\"\" width=\"648\" height=\"600\" srcset=\"https:\/\/www.campingbenidorm.com\/wp-content\/uploads\/2017\/06\/parque-atracciones.jpg 648w, https:\/\/www.campingbenidorm.com\/wp-content\/uploads\/2017\/06\/parque-atracciones-300x278.jpg 300w\" sizes=\"(max-width: 648px) 100vw, 648px\" \/><\/p>\n<p>Genie\u00dfen Sie diesen Zoo und seine Wasserversion Aqua Natura (Wasserpark) ganz in der N\u00e4he von Benidorm. Er bietet die M\u00f6glichkeit, einen tollen Tag mit den Kleinen zu verbringen. Sie k\u00f6nnen exotische Tiere erleben und im Wasser herumtoben.[\/vc_column_text][\/vc_column][vc_column width=&#8220;1\/3&#8243;][vc_column_text]<\/p>\n<h4 style=\"text-align: center;\">Villajoyosa<img loading=\"lazy\" decoding=\"async\" class=\"alignnone size-full wp-image-70\" src=\"https:\/\/www.campingbenidorm.com\/wp-content\/uploads\/2017\/06\/separador_camping.png\" alt=\"\" width=\"1211\" height=\"4\" srcset=\"https:\/\/www.campingbenidorm.com\/wp-content\/uploads\/2017\/06\/separador_camping.png 1211w, https:\/\/www.campingbenidorm.com\/wp-content\/uploads\/2017\/06\/separador_camping-300x1.png 300w, https:\/\/www.campingbenidorm.com\/wp-content\/uploads\/2017\/06\/separador_camping-768x3.png 768w, https:\/\/www.campingbenidorm.com\/wp-content\/uploads\/2017\/06\/separador_camping-1024x3.png 1024w\" sizes=\"(max-width: 1211px) 100vw, 1211px\" \/><\/h4>\n<p><img loading=\"lazy\" decoding=\"async\" class=\"alignnone size-full wp-image-124\" src=\"https:\/\/www.campingbenidorm.com\/wp-content\/uploads\/2017\/06\/villajoyosa.jpg\" alt=\"\" width=\"648\" height=\"600\" srcset=\"https:\/\/www.campingbenidorm.com\/wp-content\/uploads\/2017\/06\/villajoyosa.jpg 648w, https:\/\/www.campingbenidorm.com\/wp-content\/uploads\/2017\/06\/villajoyosa-300x278.jpg 300w\" sizes=\"(max-width: 648px) 100vw, 648px\" \/><\/p>\n<p>Erleben Sie Villajoyosa, eine K\u00fcstenstadt 12 km s\u00fcdlich des Campingplatzes, mit herrlichen Str\u00e4nden und versteckten Buchten, ruhige Umgebung&#8230;<\/p>\n<p>Besuchen Sie ihren Hafen und genie\u00dfen Sie die Strandbuden, die Sie an ihren unz\u00e4hligen St\u00e4nden finden.[\/vc_column_text][\/vc_column][vc_column width=&#8220;1\/3&#8243;][vc_column_text]<\/p>\n<h4 style=\"text-align: center;\">Cala de Finestrat<img loading=\"lazy\" decoding=\"async\" class=\"alignnone size-full wp-image-70\" src=\"https:\/\/www.campingbenidorm.com\/wp-content\/uploads\/2017\/06\/separador_camping.png\" alt=\"\" width=\"1211\" height=\"4\" srcset=\"https:\/\/www.campingbenidorm.com\/wp-content\/uploads\/2017\/06\/separador_camping.png 1211w, https:\/\/www.campingbenidorm.com\/wp-content\/uploads\/2017\/06\/separador_camping-300x1.png 300w, https:\/\/www.campingbenidorm.com\/wp-content\/uploads\/2017\/06\/separador_camping-768x3.png 768w, https:\/\/www.campingbenidorm.com\/wp-content\/uploads\/2017\/06\/separador_camping-1024x3.png 1024w\" sizes=\"(max-width: 1211px) 100vw, 1211px\" \/><\/h4>\n<p style=\"text-align: justify;\"><img loading=\"lazy\" decoding=\"async\" class=\"alignnone size-full wp-image-128\" src=\"https:\/\/www.campingbenidorm.com\/wp-content\/uploads\/2017\/06\/finestrat.jpg\" alt=\"\" width=\"648\" height=\"600\" srcset=\"https:\/\/www.campingbenidorm.com\/wp-content\/uploads\/2017\/06\/finestrat.jpg 648w, https:\/\/www.campingbenidorm.com\/wp-content\/uploads\/2017\/06\/finestrat-300x278.jpg 300w\" sizes=\"(max-width: 648px) 100vw, 648px\" \/><\/p>\n<p>Entspannen Sie sich in dieser herrlichen Bucht zwischen Benidorm und Villajoyosa. In ihrer multikulturellen Atmosph\u00e4re k\u00f6nnen Sie ein ausgezeichnetes Reisgericht oder einen kleinen Imbiss in den umliegenden Restaurants genie\u00dfen. Ein Muss f\u00fcr die G\u00e4ste unseres Campingplatzes.[\/vc_column_text][\/vc_column][\/vc_row][vc_row][vc_column width=&#8220;1\/3&#8243;][vc_column_text]<\/p>\n<h4 style=\"text-align: center;\">Guadalest<img loading=\"lazy\" decoding=\"async\" class=\"alignnone size-full wp-image-70\" src=\"https:\/\/www.campingbenidorm.com\/wp-content\/uploads\/2017\/06\/separador_camping.png\" alt=\"\" width=\"1211\" height=\"4\" srcset=\"https:\/\/www.campingbenidorm.com\/wp-content\/uploads\/2017\/06\/separador_camping.png 1211w, https:\/\/www.campingbenidorm.com\/wp-content\/uploads\/2017\/06\/separador_camping-300x1.png 300w, https:\/\/www.campingbenidorm.com\/wp-content\/uploads\/2017\/06\/separador_camping-768x3.png 768w, https:\/\/www.campingbenidorm.com\/wp-content\/uploads\/2017\/06\/separador_camping-1024x3.png 1024w\" sizes=\"(max-width: 1211px) 100vw, 1211px\" \/><\/h4>\n<p style=\"text-align: justify;\"><img loading=\"lazy\" decoding=\"async\" class=\"alignnone size-full wp-image-130\" src=\"https:\/\/www.campingbenidorm.com\/wp-content\/uploads\/2017\/06\/guadalest.jpg\" alt=\"\" width=\"648\" height=\"600\" srcset=\"https:\/\/www.campingbenidorm.com\/wp-content\/uploads\/2017\/06\/guadalest.jpg 648w, https:\/\/www.campingbenidorm.com\/wp-content\/uploads\/2017\/06\/guadalest-300x278.jpg 300w\" sizes=\"(max-width: 648px) 100vw, 648px\" \/><\/p>\n<p>Guadalest ist ein kleiner Ort im Gebirge, 25 km von unserem Campingplatz entfernt. Erleben Sie eine kleine Ortschaft mit einer Festung, die im Berg selbst angelegt wurde, mit Blick auf ihren Sumpf. Genie\u00dfen Sie einen Bummel durch ihre Gassen in einer angenehmen und ruhigen Atmosph\u00e4re.[\/vc_column_text][\/vc_column][vc_column width=&#8220;1\/3&#8243;][vc_column_text]<\/p>\n<h4 style=\"text-align: center;\">Fuentes del Algar<img loading=\"lazy\" decoding=\"async\" class=\"alignnone size-full wp-image-70\" src=\"https:\/\/www.campingbenidorm.com\/wp-content\/uploads\/2017\/06\/separador_camping.png\" alt=\"\" width=\"1211\" height=\"4\" srcset=\"https:\/\/www.campingbenidorm.com\/wp-content\/uploads\/2017\/06\/separador_camping.png 1211w, https:\/\/www.campingbenidorm.com\/wp-content\/uploads\/2017\/06\/separador_camping-300x1.png 300w, https:\/\/www.campingbenidorm.com\/wp-content\/uploads\/2017\/06\/separador_camping-768x3.png 768w, https:\/\/www.campingbenidorm.com\/wp-content\/uploads\/2017\/06\/separador_camping-1024x3.png 1024w\" sizes=\"(max-width: 1211px) 100vw, 1211px\" \/><\/h4>\n<p style=\"text-align: justify;\"><img loading=\"lazy\" decoding=\"async\" class=\"alignnone size-full wp-image-133\" src=\"https:\/\/www.campingbenidorm.com\/wp-content\/uploads\/2017\/06\/Algar.jpg\" alt=\"\" width=\"648\" height=\"600\" srcset=\"https:\/\/www.campingbenidorm.com\/wp-content\/uploads\/2017\/06\/Algar.jpg 648w, https:\/\/www.campingbenidorm.com\/wp-content\/uploads\/2017\/06\/Algar-300x278.jpg 300w\" sizes=\"(max-width: 648px) 100vw, 648px\" \/><\/p>\n<p>Ein Bereich am Fu\u00dfe der Sierra B\u00e8rnia, der k\u00fcrzlich zu einem der 10 wichtigsten Naturschwimmb\u00e4der in ganz Spanien erkl\u00e4rt wurde. Die Quellen befinden sich in Callosa d\u00b4en Sarri\u00e0 in einer wundersch\u00f6nen nat\u00fcrlichen Umgebung.[\/vc_column_text][\/vc_column][vc_column width=&#8220;1\/3&#8243;][vc_column_text]<\/p>\n<h4 style=\"text-align: center;\">Terra M\u00edtica<img loading=\"lazy\" decoding=\"async\" class=\"alignnone size-full wp-image-70\" src=\"https:\/\/www.campingbenidorm.com\/wp-content\/uploads\/2017\/06\/separador_camping.png\" alt=\"\" width=\"1211\" height=\"4\" srcset=\"https:\/\/www.campingbenidorm.com\/wp-content\/uploads\/2017\/06\/separador_camping.png 1211w, https:\/\/www.campingbenidorm.com\/wp-content\/uploads\/2017\/06\/separador_camping-300x1.png 300w, https:\/\/www.campingbenidorm.com\/wp-content\/uploads\/2017\/06\/separador_camping-768x3.png 768w, https:\/\/www.campingbenidorm.com\/wp-content\/uploads\/2017\/06\/separador_camping-1024x3.png 1024w\" sizes=\"(max-width: 1211px) 100vw, 1211px\" \/><\/h4>\n<p style=\"text-align: justify;\"><img loading=\"lazy\" decoding=\"async\" class=\"alignnone size-full wp-image-137\" src=\"https:\/\/www.campingbenidorm.com\/wp-content\/uploads\/2017\/06\/terra-mitica.jpg\" alt=\"\" width=\"648\" height=\"600\" srcset=\"https:\/\/www.campingbenidorm.com\/wp-content\/uploads\/2017\/06\/terra-mitica.jpg 648w, https:\/\/www.campingbenidorm.com\/wp-content\/uploads\/2017\/06\/terra-mitica-300x278.jpg 300w\" sizes=\"(max-width: 648px) 100vw, 648px\" \/><\/p>\n<p>Entdecken Sie diesen fantastischen Vergn\u00fcgungspark mitten im Zentrum von Benidorm. Hier erleben Sie die antiken Zivilisationen des Mittelmeeres in drei Themenbereichen: \u00c4gypten, Griechenland und Rom.[\/vc_column_text][\/vc_column][\/vc_row][vc_row][vc_column width=&#8220;1\/3&#8243;][vc_column_text]<\/p>\n<h4 style=\"text-align: center;\">Castillo de Benidorm<img loading=\"lazy\" decoding=\"async\" class=\"alignnone size-full wp-image-70\" src=\"https:\/\/www.campingbenidorm.com\/wp-content\/uploads\/2017\/06\/separador_camping.png\" alt=\"\" width=\"1211\" height=\"4\" srcset=\"https:\/\/www.campingbenidorm.com\/wp-content\/uploads\/2017\/06\/separador_camping.png 1211w, https:\/\/www.campingbenidorm.com\/wp-content\/uploads\/2017\/06\/separador_camping-300x1.png 300w, https:\/\/www.campingbenidorm.com\/wp-content\/uploads\/2017\/06\/separador_camping-768x3.png 768w, https:\/\/www.campingbenidorm.com\/wp-content\/uploads\/2017\/06\/separador_camping-1024x3.png 1024w\" sizes=\"(max-width: 1211px) 100vw, 1211px\" \/><\/h4>\n<p style=\"text-align: justify;\"><img loading=\"lazy\" decoding=\"async\" class=\"alignnone size-full wp-image-132\" src=\"https:\/\/www.campingbenidorm.com\/wp-content\/uploads\/2017\/06\/Benidorm.jpg\" alt=\"\" width=\"648\" height=\"600\" srcset=\"https:\/\/www.campingbenidorm.com\/wp-content\/uploads\/2017\/06\/Benidorm.jpg 648w, https:\/\/www.campingbenidorm.com\/wp-content\/uploads\/2017\/06\/Benidorm-300x278.jpg 300w\" sizes=\"(max-width: 648px) 100vw, 648px\" \/><\/p>\n<p>Benidorm ist die wichtigste Stadt des Landkreises Marina Baja. Besuchen Sie das beste Viertel f\u00fcr Bars und Tapas in der Stadt. Statten Sie auch der Burg einen Besuch ab und genie\u00dfen Sie herrliche Aussicht auf den Playa de Levante. Worauf warten Sie? Erleben Sie Benidorm in seinem sch\u00f6nsten Glanz.[\/vc_column_text][\/vc_column][vc_column width=&#8220;1\/3&#8243;][vc_column_text]<\/p>\n<h4 style=\"text-align: center;\">Aqualandia<img loading=\"lazy\" decoding=\"async\" class=\"alignnone size-full wp-image-70\" src=\"https:\/\/www.campingbenidorm.com\/wp-content\/uploads\/2017\/06\/separador_camping.png\" alt=\"\" width=\"1211\" height=\"4\" srcset=\"https:\/\/www.campingbenidorm.com\/wp-content\/uploads\/2017\/06\/separador_camping.png 1211w, https:\/\/www.campingbenidorm.com\/wp-content\/uploads\/2017\/06\/separador_camping-300x1.png 300w, https:\/\/www.campingbenidorm.com\/wp-content\/uploads\/2017\/06\/separador_camping-768x3.png 768w, https:\/\/www.campingbenidorm.com\/wp-content\/uploads\/2017\/06\/separador_camping-1024x3.png 1024w\" sizes=\"(max-width: 1211px) 100vw, 1211px\" \/><\/h4>\n<p style=\"text-align: justify;\"><img loading=\"lazy\" decoding=\"async\" class=\"alignnone size-full wp-image-135\" src=\"https:\/\/www.campingbenidorm.com\/wp-content\/uploads\/2017\/06\/camping-escocia.jpg\" alt=\"\" width=\"648\" height=\"600\" srcset=\"https:\/\/www.campingbenidorm.com\/wp-content\/uploads\/2017\/06\/camping-escocia.jpg 648w, https:\/\/www.campingbenidorm.com\/wp-content\/uploads\/2017\/06\/camping-escocia-300x278.jpg 300w\" sizes=\"(max-width: 648px) 100vw, 648px\" \/><\/p>\n<p>Aqualandia ist der gr\u00f6\u00dfte Wasserpark Europas und befindet sich nur wenige Meter von unserem Campingplatz entfernt. Verbringen Sie dort einen vergn\u00fcglichen Tag mit Ihren Kleinen. Dank der tollen Attraktionen ist der Spa\u00df garantiert.[\/vc_column_text][\/vc_column][vc_column width=&#8220;1\/3&#8243;][vc_column_text]<\/p>\n<h4 style=\"text-align: center;\">Altea<img loading=\"lazy\" decoding=\"async\" class=\"alignnone size-full wp-image-70\" src=\"https:\/\/www.campingbenidorm.com\/wp-content\/uploads\/2017\/06\/separador_camping.png\" alt=\"\" width=\"1211\" height=\"4\" srcset=\"https:\/\/www.campingbenidorm.com\/wp-content\/uploads\/2017\/06\/separador_camping.png 1211w, https:\/\/www.campingbenidorm.com\/wp-content\/uploads\/2017\/06\/separador_camping-300x1.png 300w, https:\/\/www.campingbenidorm.com\/wp-content\/uploads\/2017\/06\/separador_camping-768x3.png 768w, https:\/\/www.campingbenidorm.com\/wp-content\/uploads\/2017\/06\/separador_camping-1024x3.png 1024w\" sizes=\"(max-width: 1211px) 100vw, 1211px\" \/><\/h4>\n<p><img loading=\"lazy\" decoding=\"async\" class=\"alignnone size-full wp-image-122\" src=\"https:\/\/www.campingbenidorm.com\/wp-content\/uploads\/2017\/06\/altea.jpg\" alt=\"\" width=\"648\" height=\"600\" srcset=\"https:\/\/www.campingbenidorm.com\/wp-content\/uploads\/2017\/06\/altea.jpg 648w, https:\/\/www.campingbenidorm.com\/wp-content\/uploads\/2017\/06\/altea-300x278.jpg 300w\" sizes=\"(max-width: 648px) 100vw, 648px\" \/><\/p>\n<p>Besuchen Sie Altea, eine der attraktivsten K\u00fcstenst\u00e4dte des Landkreises Marina Baja, knapp 10 km von unserem Campingplatz entfernt. Erleben Sie ihren Fischerei- und Sporthafen, die zahlreichen Restaurants mit ausgezeichneter K\u00fcche, die Kunstgalerien und genie\u00dfen Sie die typische Atmosph\u00e4re.[\/vc_column_text][\/vc_column][\/vc_row][vc_row][vc_column][vc_empty_space][vc_empty_space][\/vc_column][\/vc_row]<\/p>\n<\/div>","protected":false},"excerpt":{"rendered":"<p>[vc_row][vc_column css=&#8220;.vc_custom_1499760894680{margin-top: -50px !important;}&#8220;][vc_column_text] Unsere Umgebung [\/vc_column_text][\/vc_column][\/vc_row][vc_row][vc_column width=&#8220;1\/3&#8243;][vc_column_text] Terra Natura Genie\u00dfen Sie diesen Zoo und seine Wasserversion Aqua Natura (Wasserpark) ganz in der N\u00e4he von Benidorm. Er bietet die M\u00f6glichkeit, einen tollen Tag mit den Kleinen zu verbringen. Sie k\u00f6nnen exotische Tiere erleben und im Wasser herumtoben.[\/vc_column_text][\/vc_column][vc_column width=&#8220;1\/3&#8243;][vc_column_text] Villajoyosa Erleben Sie Villajoyosa, eine K\u00fcstenstadt 12&hellip;<\/p>\n","protected":false},"author":1,"featured_media":0,"parent":0,"menu_order":0,"comment_status":"closed","ping_status":"closed","template":"","meta":{"footnotes":""},"_links":{"self":[{"href":"https:\/\/www.campingbenidorm.com\/de\/wp-json\/wp\/v2\/pages\/627"}],"collection":[{"href":"https:\/\/www.campingbenidorm.com\/de\/wp-json\/wp\/v2\/pages"}],"about":[{"href":"https:\/\/www.campingbenidorm.com\/de\/wp-json\/wp\/v2\/types\/page"}],"author":[{"embeddable":true,"href":"https:\/\/www.campingbenidorm.com\/de\/wp-json\/wp\/v2\/users\/1"}],"replies":[{"embeddable":true,"href":"https:\/\/www.campingbenidorm.com\/de\/wp-json\/wp\/v2\/comments?post=627"}],"version-history":[{"count":2,"href":"https:\/\/www.campingbenidorm.com\/de\/wp-json\/wp\/v2\/pages\/627\/revisions"}],"predecessor-version":[{"id":629,"href":"https:\/\/www.campingbenidorm.com\/de\/wp-json\/wp\/v2\/pages\/627\/revisions\/629"}],"wp:attachment":[{"href":"https:\/\/www.campingbenidorm.com\/de\/wp-json\/wp\/v2\/media?parent=627"}],"curies":[{"name":"wp","href":"https:\/\/api.w.org\/{rel}","templated":true}]}}