{"id":664,"date":"2017-06-27T08:58:28","date_gmt":"2017-06-27T08:58:28","guid":{"rendered":"http:\/\/www.campingbenidorm.com\/wordpress\/contacto\/"},"modified":"2020-05-14T12:22:53","modified_gmt":"2020-05-14T12:22:53","slug":"kontakt","status":"publish","type":"page","link":"https:\/\/www.campingbenidorm.com\/de\/kontakt\/","title":{"rendered":"Kontakt"},"content":{"rendered":"<div class=\"wpb-content-wrapper\"><p>[vc_row][vc_column][vc_column_text]<\/p>\n<h3 style=\"text-align: center;\">Camping Benidorm Kontakt<img loading=\"lazy\" decoding=\"async\" class=\"alignnone size-full wp-image-70\" src=\"https:\/\/www.campingbenidorm.com\/wp-content\/uploads\/2017\/06\/separador_camping.png\" alt=\"\" width=\"1211\" height=\"4\" srcset=\"https:\/\/www.campingbenidorm.com\/wp-content\/uploads\/2017\/06\/separador_camping.png 1211w, https:\/\/www.campingbenidorm.com\/wp-content\/uploads\/2017\/06\/separador_camping-300x1.png 300w, https:\/\/www.campingbenidorm.com\/wp-content\/uploads\/2017\/06\/separador_camping-768x3.png 768w, https:\/\/www.campingbenidorm.com\/wp-content\/uploads\/2017\/06\/separador_camping-1024x3.png 1024w\" sizes=\"(max-width: 1211px) 100vw, 1211px\" \/><\/h3>\n<p>&nbsp;<\/p>\n<p style=\"text-align: center;\">F\u00fcr Anfragen oder erweiterte Information f\u00fcllen Sie bitte das Kontaktformular aus. Unser Personal wird Sie gerne in K\u00fcrze kontaktieren und Ihre Fragen beantworten.<br \/>\nTelefon: <b>+34 96 586 00 11<b><\/b><\/b><\/p>\n<p>[\/vc_column_text][\/vc_column][\/vc_row][vc_row css=&#8220;.vc_custom_1499760387122{margin-top: -50px !important;}&#8220;][vc_column 0=&#8220;&#8220; width=&#8220;2\/3&#8243;][vc_column_text]<\/p>\n<p><iframe loading=\"lazy\" style=\"border: 0;\" src=\"https:\/\/www.google.com\/maps\/embed?pb=!1m18!1m12!1m3!1d3120.1393636473294!2d-0.1001889841957761!3d38.55360277962521!2m3!1f0!2f0!3f0!3m2!1i1024!2i768!4f13.1!3m3!1m2!1s0xd62046bf1e19d0d%3A0x209a32df7a98e428!2sCamping+Benidorm!5e0!3m2!1ses!2ses!4v1498558851500\" width=\"1300\" height=\"480\" frameborder=\"0\" allowfullscreen=\"allowfullscreen\"><\/iframe>[\/vc_column_text][\/vc_column][vc_column width=&#8220;1\/3&#8243;]\n<div class=\"wpcf7 no-js\" id=\"wpcf7-f668-o1\" lang=\"es-ES\" dir=\"ltr\">\n<div class=\"screen-reader-response\"><p role=\"status\" aria-live=\"polite\" aria-atomic=\"true\"><\/p> <ul><\/ul><\/div>\n<form action=\"\/de\/wp-json\/wp\/v2\/pages\/664#wpcf7-f668-o1\" method=\"post\" class=\"wpcf7-form init\" aria-label=\"Formulario de contacto\" novalidate=\"novalidate\" data-status=\"init\">\n<div style=\"display: none;\">\n<input type=\"hidden\" name=\"_wpcf7\" value=\"668\" \/>\n<input type=\"hidden\" name=\"_wpcf7_version\" value=\"5.9\" \/>\n<input type=\"hidden\" name=\"_wpcf7_locale\" value=\"es_ES\" \/>\n<input type=\"hidden\" name=\"_wpcf7_unit_tag\" value=\"wpcf7-f668-o1\" \/>\n<input type=\"hidden\" name=\"_wpcf7_container_post\" value=\"0\" \/>\n<input type=\"hidden\" name=\"_wpcf7_posted_data_hash\" value=\"\" \/>\n<input type=\"hidden\" name=\"_wpcf7_recaptcha_response\" value=\"\" \/>\n<\/div>\n<p><label> Name (Pflichtfeld)<br \/>\n<span class=\"wpcf7-form-control-wrap\" data-name=\"your-name\"><input size=\"40\" class=\"wpcf7-form-control wpcf7-text wpcf7-validates-as-required\" aria-required=\"true\" aria-invalid=\"false\" value=\"\" type=\"text\" name=\"your-name\" \/><\/span> <\/label>\n<\/p>\n<p><label> Email (Pflichtfeld)<br \/>\n<span class=\"wpcf7-form-control-wrap\" data-name=\"your-email\"><input size=\"40\" class=\"wpcf7-form-control wpcf7-email wpcf7-validates-as-required wpcf7-text wpcf7-validates-as-email\" aria-required=\"true\" aria-invalid=\"false\" value=\"\" type=\"email\" name=\"your-email\" \/><\/span> <\/label><br \/>\n<label> Telefon (Pflichtfeld)<br \/>\n<span class=\"wpcf7-form-control-wrap\" data-name=\"tel-85\"><input size=\"40\" class=\"wpcf7-form-control wpcf7-tel wpcf7-text wpcf7-validates-as-tel\" aria-invalid=\"false\" value=\"\" type=\"tel\" name=\"tel-85\" \/><\/span> <\/label>\n<\/p>\n<p><label> Kommentar<br \/>\n<span class=\"wpcf7-form-control-wrap\" data-name=\"your-message\"><textarea cols=\"40\" rows=\"10\" class=\"wpcf7-form-control wpcf7-textarea\" aria-invalid=\"false\" name=\"your-message\"><\/textarea><\/span> <\/label>\n<\/p>\n<p><label> <span class=\"wpcf7-form-control-wrap\" data-name=\"acceptance-684\"><span class=\"wpcf7-form-control wpcf7-acceptance\"><span class=\"wpcf7-list-item\"><input type=\"checkbox\" name=\"acceptance-684\" value=\"1\" checked=\"checked\" aria-invalid=\"false\" \/><\/span><\/span><\/span>Ich habe die Grundlagen und Zusatzinformationen zum Datenschutz gelesen und bin mit der Verarbeitung einverstanden<br \/>\nmeine Daten, damit meine Anfrage <a href=\"https:\/\/www.campingbenidorm.com\/de\/clausula-formulario-web-de-contacto\/\">beantwortet werden kann.<\/a> <\/label><br \/>\n\n<\/p>\n<p><input class=\"wpcf7-form-control wpcf7-submit has-spinner\" type=\"submit\" value=\"Abschicken\" \/>\n<\/p><div class=\"wpcf7-response-output\" aria-hidden=\"true\"><\/div>\n<\/form>\n<\/div>\n[\/vc_column][\/vc_row][vc_row][vc_column][vc_empty_space][\/vc_column][\/vc_row][vc_row][vc_column width=&#8220;1\/3&#8243;][vc_raw_html]JTNDYnIlM0UlM0NkaXYlMjBzdHlsZSUzRCUyMnRleHQtYWxpZ24lM0FjZW50ZXIlM0IlMjB0ZXh0LWRlY29yYXRpb24lM0Fub25lJTNCJTIyJTNFJTNDYSUyMGhyZWYlM0QlMjJtYWlsdG8lM0FpbmZvJTQwY2FtcGluZ2Jlbmlkb3JtLmNvbSUyMiUzRSUzQ2gzJTNFaW5mbyU0MGNhbXBpbmdiZW5pZG9ybS5jb20lM0MlMkZoMyUzRSUzQyUyRmElM0UlM0MlMkZkaXYlM0U=[\/vc_raw_html][\/vc_column][vc_column width=&#8220;1\/3&#8243;][vc_single_image image=&#8220;235&#8243; img_size=&#8220;full&#8220; onclick=&#8220;custom_link&#8220; img_link_target=&#8220;_blank&#8220; link=&#8220;https:\/\/es-es.facebook.com\/campingbenidorm\/&#8220;][\/vc_column][vc_column width=&#8220;1\/3&#8243;][vc_single_image image=&#8220;931&#8243; img_size=&#8220;full&#8220;][\/vc_column][\/vc_row][vc_row][vc_column][vc_empty_space][vc_column_text]<\/p>\n<h3 style=\"text-align: center;\"><strong>Anreise<\/strong><\/h3>\n<h3 style=\"text-align: center;\"><img loading=\"lazy\" decoding=\"async\" class=\"alignnone size-full wp-image-70\" src=\"https:\/\/www.campingbenidorm.com\/wp-content\/uploads\/2017\/06\/separador_camping.png\" alt=\"\" width=\"1211\" height=\"4\" srcset=\"https:\/\/www.campingbenidorm.com\/wp-content\/uploads\/2017\/06\/separador_camping.png 1211w, https:\/\/www.campingbenidorm.com\/wp-content\/uploads\/2017\/06\/separador_camping-300x1.png 300w, https:\/\/www.campingbenidorm.com\/wp-content\/uploads\/2017\/06\/separador_camping-768x3.png 768w, https:\/\/www.campingbenidorm.com\/wp-content\/uploads\/2017\/06\/separador_camping-1024x3.png 1024w\" sizes=\"(max-width: 1211px) 100vw, 1211px\" \/><\/h3>\n<p>[\/vc_column_text][\/vc_column][\/vc_row][vc_row][vc_column width=&#8220;1\/3&#8243;][vc_column_text]<\/p>\n<h3 style=\"text-align: center;\">Vom Flughafen:<\/h3>\n<p>&nbsp;<\/p>\n<p><img loading=\"lazy\" decoding=\"async\" class=\"size-full wp-image-392 aligncenter\" src=\"https:\/\/www.campingbenidorm.com\/wp-content\/uploads\/2017\/07\/Sin-t\u00edtulo-12.jpg\" alt=\"\" width=\"360\" height=\"30\" srcset=\"https:\/\/www.campingbenidorm.com\/wp-content\/uploads\/2017\/07\/Sin-t\u00edtulo-12.jpg 360w, https:\/\/www.campingbenidorm.com\/wp-content\/uploads\/2017\/07\/Sin-t\u00edtulo-12-300x25.jpg 300w\" sizes=\"(max-width: 360px) 100vw, 360px\" \/><\/p>\n<p>Das Busunternehmen ALSA bietet eine direkte Verbindung \u00fcber die Autobahn ab Flughafen Alicante-Elche nach Benidorm (Haltestellen Busbahnhof und Avenida Europa) mit einem Takt von 1 \u2013 2 Stunden, je nach der Tageszeit.[\/vc_column_text][\/vc_column][vc_column width=&#8220;1\/3&#8243;][vc_column_text]<\/p>\n<h3 style=\"text-align: center;\"><strong>Vom Busbahnhof Benidorm:<\/strong><\/h3>\n<p>&nbsp;<\/p>\n<p style=\"text-align: justify;\"><img loading=\"lazy\" decoding=\"async\" class=\"size-full wp-image-392 aligncenter\" src=\"https:\/\/www.campingbenidorm.com\/wp-content\/uploads\/2017\/07\/Sin-t\u00edtulo-12.jpg\" alt=\"\" width=\"360\" height=\"30\" srcset=\"https:\/\/www.campingbenidorm.com\/wp-content\/uploads\/2017\/07\/Sin-t\u00edtulo-12.jpg 360w, https:\/\/www.campingbenidorm.com\/wp-content\/uploads\/2017\/07\/Sin-t\u00edtulo-12-300x25.jpg 300w\" sizes=\"(max-width: 360px) 100vw, 360px\" \/><\/p>\n<p>Der st\u00e4dtische Bus Nr. 4 bietet eine Direktverbindung und f\u00e4hrt zu jeder vollen Stunde zum Campingplatz.<\/p>\n<p>Taxi: Entfernung zum Campingplatz ca. 3 km.[\/vc_column_text][\/vc_column][vc_column width=&#8220;1\/3&#8243;][vc_column_text]<\/p>\n<h3 style=\"text-align: center;\">Mit dem Auto:<\/h3>\n<p>&nbsp;<\/p>\n<p style=\"text-align: justify;\"><img loading=\"lazy\" decoding=\"async\" class=\"size-full wp-image-392 aligncenter\" src=\"https:\/\/www.campingbenidorm.com\/wp-content\/uploads\/2017\/07\/Sin-t\u00edtulo-12.jpg\" alt=\"\" width=\"360\" height=\"30\" srcset=\"https:\/\/www.campingbenidorm.com\/wp-content\/uploads\/2017\/07\/Sin-t\u00edtulo-12.jpg 360w, https:\/\/www.campingbenidorm.com\/wp-content\/uploads\/2017\/07\/Sin-t\u00edtulo-12-300x25.jpg 300w\" sizes=\"(max-width: 360px) 100vw, 360px\" \/><\/p>\n<p>Von der Autobahn AP-7 aus: Ausfahrt Benidorm Playa de Levante; geradeaus weiter und am 2. Kreisverkehr links in die Avenida Comunidad Valenciana; am n\u00e4chsten Kreisverkehr rechts abbiegen (Avda. Severo Ochoa) und nach 700 m finden Sie den Campingplatz auf der linken Seite.<\/p>\n<p>Von der Nationalstrasse N-332 aus: Ausfahrt Benidorm Playa de Levante; nach 500 m am n\u00e4chstenKreisverkehr links abbiegen Richtung Rinc\u00f3n de Loix. Nach 700 m finden Sie den Campingplatz auf der linken Seite.[\/vc_column_text][\/vc_column][\/vc_row]<\/p>\n<\/div>","protected":false},"excerpt":{"rendered":"<p>[vc_row][vc_column][vc_column_text] Camping Benidorm Kontakt &nbsp; F\u00fcr Anfragen oder erweiterte Information f\u00fcllen Sie bitte das Kontaktformular aus. Unser Personal wird Sie gerne in K\u00fcrze kontaktieren und Ihre Fragen beantworten. Telefon: +34 96 586 00 11 [\/vc_column_text][\/vc_column][\/vc_row][vc_row css=&#8220;.vc_custom_1499760387122{margin-top: -50px !important;}&#8220;][vc_column 0=&#8220;&#8220; width=&#8220;2\/3&#8243;][vc_column_text] [\/vc_column_text][\/vc_column][vc_column width=&#8220;1\/3&#8243;][\/vc_column][\/vc_row][vc_row][vc_column][vc_empty_space][\/vc_column][\/vc_row][vc_row][vc_column width=&#8220;1\/3&#8243;][vc_raw_html]JTNDYnIlM0UlM0NkaXYlMjBzdHlsZSUzRCUyMnRleHQtYWxpZ24lM0FjZW50ZXIlM0IlMjB0ZXh0LWRlY29yYXRpb24lM0Fub25lJTNCJTIyJTNFJTNDYSUyMGhyZWYlM0QlMjJtYWlsdG8lM0FpbmZvJTQwY2FtcGluZ2Jlbmlkb3JtLmNvbSUyMiUzRSUzQ2gzJTNFaW5mbyU0MGNhbXBpbmdiZW5pZG9ybS5jb20lM0MlMkZoMyUzRSUzQyUyRmElM0UlM0MlMkZkaXYlM0U=[\/vc_raw_html][\/vc_column][vc_column width=&#8220;1\/3&#8243;][vc_single_image image=&#8220;235&#8243; img_size=&#8220;full&#8220; onclick=&#8220;custom_link&#8220; img_link_target=&#8220;_blank&#8220; link=&#8220;https:\/\/es-es.facebook.com\/campingbenidorm\/&#8220;][\/vc_column][vc_column width=&#8220;1\/3&#8243;][vc_single_image image=&#8220;931&#8243; img_size=&#8220;full&#8220;][\/vc_column][\/vc_row][vc_row][vc_column][vc_empty_space][vc_column_text] Anreise [\/vc_column_text][\/vc_column][\/vc_row][vc_row][vc_column width=&#8220;1\/3&#8243;][vc_column_text]&hellip;<\/p>\n","protected":false},"author":1,"featured_media":0,"parent":0,"menu_order":0,"comment_status":"closed","ping_status":"closed","template":"","meta":{"footnotes":""},"_links":{"self":[{"href":"https:\/\/www.campingbenidorm.com\/de\/wp-json\/wp\/v2\/pages\/664"}],"collection":[{"href":"https:\/\/www.campingbenidorm.com\/de\/wp-json\/wp\/v2\/pages"}],"about":[{"href":"https:\/\/www.campingbenidorm.com\/de\/wp-json\/wp\/v2\/types\/page"}],"author":[{"embeddable":true,"href":"https:\/\/www.campingbenidorm.com\/de\/wp-json\/wp\/v2\/users\/1"}],"replies":[{"embeddable":true,"href":"https:\/\/www.campingbenidorm.com\/de\/wp-json\/wp\/v2\/comments?post=664"}],"version-history":[{"count":5,"href":"https:\/\/www.campingbenidorm.com\/de\/wp-json\/wp\/v2\/pages\/664\/revisions"}],"predecessor-version":[{"id":985,"href":"https:\/\/www.campingbenidorm.com\/de\/wp-json\/wp\/v2\/pages\/664\/revisions\/985"}],"wp:attachment":[{"href":"https:\/\/www.campingbenidorm.com\/de\/wp-json\/wp\/v2\/media?parent=664"}],"curies":[{"name":"wp","href":"https:\/\/api.w.org\/{rel}","templated":true}]}}