{"id":2300,"date":"2025-01-22T12:33:33","date_gmt":"2025-01-22T12:33:33","guid":{"rendered":"https:\/\/www.campingbenidorm.com\/?page_id=2300"},"modified":"2025-01-22T12:33:33","modified_gmt":"2025-01-22T12:33:33","slug":"clausula-formulario-contacto","status":"publish","type":"page","link":"https:\/\/www.campingbenidorm.com\/fr\/clausula-formulario-contacto\/","title":{"rendered":"Clausula formulario contacto"},"content":{"rendered":"<pre id=\"tw-target-text\" class=\"tw-data-text tw-text-large tw-ta\" dir=\"ltr\" data-placeholder=\"Traducci\u00f3n\" data-ved=\"2ahUKEwif086KqomLAxUyRqQEHQF1EXwQ3ewLegQIChAU\" aria-label=\"Texto traducido: INFORMATIONS DE BASE SUR LA PROTECTION DES DONN\u00c9ES\r\n\r\nRESPONSABLE\r\nCAMPING FUETTERER S.L\r\n\r\nOBJECTIFS\r\nVous contacter pour r\u00e9pondre \u00e0 votre requ\u00eate.\r\n\r\nL\u00c9GITIMATION\r\nConsentement de l'int\u00e9ress\u00e9.\r\n\r\nDESTINATAIRES Il n'est pas pr\u00e9vu de transf\u00e9rer vos donn\u00e9es \u00e0 des tiers, sauf obligation l\u00e9gale.\r\nProcesseurs de donn\u00e9es\u00a0: *Services informatiques.\r\nLes transferts internationaux de donn\u00e9es seront effectu\u00e9s lors de l\u2019utilisation de l\u2019application de messagerie GMAIL et lors de l\u2019utilisation de l\u2019application de messagerie WHATSAPP.\r\n\r\nDROITS\r\nAcc\u00e9der, rectifier et supprimer les donn\u00e9es, ainsi que d'autres droits, comme expliqu\u00e9 dans les informations compl\u00e9mentaires. +infos\r\n\r\nINFORMATIONS COMPL\u00c9MENTAIRES\r\nVous pouvez consulter des informations compl\u00e9mentaires et d\u00e9taill\u00e9es sur la protection des donn\u00e9es dans notre politique de confidentialit\u00e9.\r\nconfidentialit\u00e9.\"><span class=\"Y2IQFc\" lang=\"fr\"><strong>INFORMATIONS DE BASE SUR LA PROTECTION DES DONN\u00c9ES<\/strong>\r\n\r\nRESPONSABLE\r\nCAMPING FUETTERER S.L\r\n\r\nOBJECTIFS\r\nVous contacter pour r\u00e9pondre \u00e0 votre requ\u00eate.\r\n\r\nL\u00c9GITIMATION\r\nConsentement de l'int\u00e9ress\u00e9.\r\n\r\nDESTINATAIRES Il n'est pas pr\u00e9vu de transf\u00e9rer vos donn\u00e9es \u00e0 des tiers, sauf obligation l\u00e9gale.\r\nProcesseurs de donn\u00e9es\u00a0: *Services informatiques.\r\nLes transferts internationaux de donn\u00e9es seront effectu\u00e9s lors de l\u2019utilisation de l\u2019application de messagerie GMAIL et lors de l\u2019utilisation de l\u2019application de messagerie WHATSAPP.\r\n\r\nDROITS\r\nAcc\u00e9der, rectifier et supprimer les donn\u00e9es, ainsi que d'autres droits, comme expliqu\u00e9 dans les informations compl\u00e9mentaires. +infos\r\n\r\nINFORMATIONS COMPL\u00c9MENTAIRES\r\nVous pouvez consulter des informations compl\u00e9mentaires et d\u00e9taill\u00e9es sur la protection des donn\u00e9es dans notre politique de confidentialit\u00e9.\r\nconfidentialit\u00e9.<\/span><\/pre>\n","protected":false},"excerpt":{"rendered":"<p>INFORMATIONS DE BASE SUR LA PROTECTION DES DONN\u00c9ES RESPONSABLE CAMPING FUETTERER S.L OBJECTIFS Vous contacter pour r\u00e9pondre \u00e0 votre requ\u00eate. L\u00c9GITIMATION Consentement de l&rsquo;int\u00e9ress\u00e9. DESTINATAIRES Il n&rsquo;est pas pr\u00e9vu de transf\u00e9rer vos donn\u00e9es \u00e0 des tiers, sauf obligation l\u00e9gale. Processeurs de donn\u00e9es\u00a0: *Services informatiques. Les transferts internationaux de donn\u00e9es seront effectu\u00e9s lors de l\u2019utilisation de&hellip;<\/p>\n","protected":false},"author":1,"featured_media":0,"parent":0,"menu_order":0,"comment_status":"closed","ping_status":"closed","template":"","meta":{"footnotes":""},"_links":{"self":[{"href":"https:\/\/www.campingbenidorm.com\/fr\/wp-json\/wp\/v2\/pages\/2300"}],"collection":[{"href":"https:\/\/www.campingbenidorm.com\/fr\/wp-json\/wp\/v2\/pages"}],"about":[{"href":"https:\/\/www.campingbenidorm.com\/fr\/wp-json\/wp\/v2\/types\/page"}],"author":[{"embeddable":true,"href":"https:\/\/www.campingbenidorm.com\/fr\/wp-json\/wp\/v2\/users\/1"}],"replies":[{"embeddable":true,"href":"https:\/\/www.campingbenidorm.com\/fr\/wp-json\/wp\/v2\/comments?post=2300"}],"version-history":[{"count":1,"href":"https:\/\/www.campingbenidorm.com\/fr\/wp-json\/wp\/v2\/pages\/2300\/revisions"}],"predecessor-version":[{"id":2301,"href":"https:\/\/www.campingbenidorm.com\/fr\/wp-json\/wp\/v2\/pages\/2300\/revisions\/2301"}],"wp:attachment":[{"href":"https:\/\/www.campingbenidorm.com\/fr\/wp-json\/wp\/v2\/media?parent=2300"}],"curies":[{"name":"wp","href":"https:\/\/api.w.org\/{rel}","templated":true}]}}