{"id":685,"date":"2017-06-27T08:58:28","date_gmt":"2017-06-27T08:58:28","guid":{"rendered":"http:\/\/www.campingbenidorm.com\/wordpress\/contacto\/"},"modified":"2020-05-14T10:44:18","modified_gmt":"2020-05-14T10:44:18","slug":"contact","status":"publish","type":"page","link":"https:\/\/www.campingbenidorm.com\/fr\/contact\/","title":{"rendered":"Contact"},"content":{"rendered":"<div class=\"wpb-content-wrapper\"><p>[vc_row][vc_column][vc_column_text]<\/p>\n<h3 style=\"text-align: center;\">Contacter Camping Benidorm<img loading=\"lazy\" decoding=\"async\" class=\"alignnone size-full wp-image-70\" src=\"https:\/\/www.campingbenidorm.com\/wp-content\/uploads\/2017\/06\/separador_camping.png\" alt=\"\" width=\"1211\" height=\"4\" srcset=\"https:\/\/www.campingbenidorm.com\/wp-content\/uploads\/2017\/06\/separador_camping.png 1211w, https:\/\/www.campingbenidorm.com\/wp-content\/uploads\/2017\/06\/separador_camping-300x1.png 300w, https:\/\/www.campingbenidorm.com\/wp-content\/uploads\/2017\/06\/separador_camping-768x3.png 768w, https:\/\/www.campingbenidorm.com\/wp-content\/uploads\/2017\/06\/separador_camping-1024x3.png 1024w\" sizes=\"(max-width: 1211px) 100vw, 1211px\" \/><\/h3>\n<p>&nbsp;<\/p>\n<p><span style=\"font-size: 11.5pt; font-family: 'Open Sans','sans-serif'; color: #72777d; background: white;\">Remplissez le formulaire de contact pour contacter avec Camping Benidorm. Remplissez les champs suivants pour nous joindre. Notre personnel de service de la client\u00e9le vous r\u00e9pondra avec le plus rapidement possible. Si vous souhaitez recevoir une attention plus personnalis\u00e9e, vous pouvez nous apeller au:\u00a0<b>+34 96 586 00 11<\/b><\/span>[\/vc_column_text][\/vc_column][\/vc_row][vc_row css=\u00a0\u00bb.vc_custom_1499760387122{margin-top: -50px !important;}\u00a0\u00bb][vc_column 0=\u00a0\u00bb\u00a0\u00bb width=\u00a0\u00bb2\/3&Prime;][vc_column_text]<\/p>\n<p><iframe loading=\"lazy\" style=\"border: 0;\" src=\"https:\/\/www.google.com\/maps\/embed?pb=!1m18!1m12!1m3!1d3120.1393636473294!2d-0.1001889841957761!3d38.55360277962521!2m3!1f0!2f0!3f0!3m2!1i1024!2i768!4f13.1!3m3!1m2!1s0xd62046bf1e19d0d%3A0x209a32df7a98e428!2sCamping+Benidorm!5e0!3m2!1ses!2ses!4v1498558851500\" width=\"1300\" height=\"480\" frameborder=\"0\" allowfullscreen=\"allowfullscreen\"><\/iframe>[\/vc_column_text][\/vc_column][vc_column width=\u00a0\u00bb1\/3&Prime;]\n<div class=\"wpcf7 no-js\" id=\"wpcf7-f687-o1\" lang=\"es-ES\" dir=\"ltr\">\n<div class=\"screen-reader-response\"><p role=\"status\" aria-live=\"polite\" aria-atomic=\"true\"><\/p> <ul><\/ul><\/div>\n<form action=\"\/fr\/wp-json\/wp\/v2\/pages\/685#wpcf7-f687-o1\" method=\"post\" class=\"wpcf7-form init\" aria-label=\"Formulario de contacto\" novalidate=\"novalidate\" data-status=\"init\">\n<div style=\"display: none;\">\n<input type=\"hidden\" name=\"_wpcf7\" value=\"687\" \/>\n<input type=\"hidden\" name=\"_wpcf7_version\" value=\"5.9\" \/>\n<input type=\"hidden\" name=\"_wpcf7_locale\" value=\"es_ES\" \/>\n<input type=\"hidden\" name=\"_wpcf7_unit_tag\" value=\"wpcf7-f687-o1\" \/>\n<input type=\"hidden\" name=\"_wpcf7_container_post\" value=\"0\" \/>\n<input type=\"hidden\" name=\"_wpcf7_posted_data_hash\" value=\"\" \/>\n<input type=\"hidden\" name=\"_wpcf7_recaptcha_response\" value=\"\" \/>\n<\/div>\n<p><label> Nom (obligatoire)<br \/>\n<span class=\"wpcf7-form-control-wrap\" data-name=\"your-name\"><input size=\"40\" class=\"wpcf7-form-control wpcf7-text wpcf7-validates-as-required\" aria-required=\"true\" aria-invalid=\"false\" value=\"\" type=\"text\" name=\"your-name\" \/><\/span> <\/label>\n<\/p>\n<p><label> Email (obligatoire)<br \/>\n<span class=\"wpcf7-form-control-wrap\" data-name=\"your-email\"><input size=\"40\" class=\"wpcf7-form-control wpcf7-email wpcf7-validates-as-required wpcf7-text wpcf7-validates-as-email\" aria-required=\"true\" aria-invalid=\"false\" value=\"\" type=\"email\" name=\"your-email\" \/><\/span> <\/label><br \/>\n<label> T\u00e9l\u00e9phone (obligatoire)<br \/>\n<span class=\"wpcf7-form-control-wrap\" data-name=\"tel-85\"><input size=\"40\" class=\"wpcf7-form-control wpcf7-tel wpcf7-text wpcf7-validates-as-tel\" aria-invalid=\"false\" value=\"\" type=\"tel\" name=\"tel-85\" \/><\/span> <\/label>\n<\/p>\n<p><label> Message<br \/>\n<span class=\"wpcf7-form-control-wrap\" data-name=\"your-message\"><textarea cols=\"40\" rows=\"10\" class=\"wpcf7-form-control wpcf7-textarea\" aria-invalid=\"false\" name=\"your-message\"><\/textarea><\/span> <\/label><br \/>\n<label> <span class=\"wpcf7-form-control-wrap\" data-name=\"acceptance-684\"><span class=\"wpcf7-form-control wpcf7-acceptance\"><span class=\"wpcf7-list-item\"><input type=\"checkbox\" name=\"acceptance-684\" value=\"1\" checked=\"checked\" aria-invalid=\"false\" \/><\/span><\/span><\/span> J'ai lu les informations de base et compl\u00e9mentaires sur la protection des donn\u00e9es et j'autorise le traitement de<br \/>\nmes coordonn\u00e9es afin qu'ils puissent <a href=\"https:\/\/www.campingbenidorm.com\/fr\/clausula-formulario-contacto\/\">r\u00e9pondre \u00e0 ma question.<\/a> <\/label><br \/>\n\n<\/p>\n<p><input class=\"wpcf7-form-control wpcf7-submit has-spinner\" type=\"submit\" value=\"Envoyer\" \/>\n<\/p><div class=\"wpcf7-response-output\" aria-hidden=\"true\"><\/div>\n<\/form>\n<\/div>\n[\/vc_column][\/vc_row][vc_row][vc_column][vc_empty_space][\/vc_column][\/vc_row][vc_row][vc_column width=\u00a0\u00bb1\/3&Prime;][vc_raw_html]JTNDYnIlM0UlM0NkaXYlMjBzdHlsZSUzRCUyMnRleHQtYWxpZ24lM0FjZW50ZXIlM0IlMjB0ZXh0LWRlY29yYXRpb24lM0Fub25lJTNCJTIyJTNFJTNDYSUyMGhyZWYlM0QlMjJtYWlsdG8lM0FpbmZvJTQwY2FtcGluZ2Jlbmlkb3JtLmNvbSUyMiUzRSUzQ2gzJTNFaW5mbyU0MGNhbXBpbmdiZW5pZG9ybS5jb20lM0MlMkZoMyUzRSUzQyUyRmElM0UlM0MlMkZkaXYlM0U=[\/vc_raw_html][\/vc_column][vc_column width=\u00a0\u00bb1\/3&Prime;][vc_single_image image=\u00a0\u00bb235&Prime; img_size=\u00a0\u00bbfull\u00a0\u00bb onclick=\u00a0\u00bbcustom_link\u00a0\u00bb img_link_target=\u00a0\u00bb_blank\u00a0\u00bb link=\u00a0\u00bbhttps:\/\/es-es.facebook.com\/campingbenidorm\/\u00a0\u00bb][\/vc_column][vc_column width=\u00a0\u00bb1\/3&Prime;][vc_single_image image=\u00a0\u00bb931&Prime; img_size=\u00a0\u00bbfull\u00a0\u00bb][\/vc_column][\/vc_row][vc_row][vc_column][vc_empty_space][vc_column_text]<\/p>\n<h3 style=\"text-align: center;\">Comment arriver<img loading=\"lazy\" decoding=\"async\" class=\"alignnone size-full wp-image-70\" src=\"https:\/\/www.campingbenidorm.com\/wp-content\/uploads\/2017\/06\/separador_camping.png\" alt=\"\" width=\"1211\" height=\"4\" srcset=\"https:\/\/www.campingbenidorm.com\/wp-content\/uploads\/2017\/06\/separador_camping.png 1211w, https:\/\/www.campingbenidorm.com\/wp-content\/uploads\/2017\/06\/separador_camping-300x1.png 300w, https:\/\/www.campingbenidorm.com\/wp-content\/uploads\/2017\/06\/separador_camping-768x3.png 768w, https:\/\/www.campingbenidorm.com\/wp-content\/uploads\/2017\/06\/separador_camping-1024x3.png 1024w\" sizes=\"(max-width: 1211px) 100vw, 1211px\" \/><\/h3>\n<p>[\/vc_column_text][\/vc_column][\/vc_row][vc_row][vc_column width=\u00a0\u00bb1\/3&Prime;][vc_column_text]<\/p>\n<h3 style=\"text-align: center;\">Depuis l\u00b4a\u00e9roport<\/h3>\n<p>&nbsp;<\/p>\n<p><img loading=\"lazy\" decoding=\"async\" class=\"size-full wp-image-392 aligncenter\" src=\"https:\/\/www.campingbenidorm.com\/wp-content\/uploads\/2017\/07\/Sin-t\u00edtulo-12.jpg\" alt=\"\" width=\"360\" height=\"30\" srcset=\"https:\/\/www.campingbenidorm.com\/wp-content\/uploads\/2017\/07\/Sin-t\u00edtulo-12.jpg 360w, https:\/\/www.campingbenidorm.com\/wp-content\/uploads\/2017\/07\/Sin-t\u00edtulo-12-300x25.jpg 300w\" sizes=\"(max-width: 360px) 100vw, 360px\" \/><\/p>\n<p>La compagnie d\u2019autobus ALSA propose un service direct par l\u2019autoroute depuis l\u2019a\u00e9roport d\u2019Alicante-Elche \u00e0 Benidorm (Gare d\u2019autobus et Avda. de Europa) avec une fr\u00e9quence de 1 \u00e0 2 heures selon l\u2019heure.[\/vc_column_text][\/vc_column][vc_column width=\u00a0\u00bb1\/3&Prime;][vc_column_text]<\/p>\n<h3 style=\"text-align: center;\">Depuis la gare d\u00b4autobus:<\/h3>\n<p>&nbsp;<\/p>\n<p style=\"text-align: justify;\"><img loading=\"lazy\" decoding=\"async\" class=\"size-full wp-image-392 aligncenter\" src=\"https:\/\/www.campingbenidorm.com\/wp-content\/uploads\/2017\/07\/Sin-t\u00edtulo-12.jpg\" alt=\"\" width=\"360\" height=\"30\" srcset=\"https:\/\/www.campingbenidorm.com\/wp-content\/uploads\/2017\/07\/Sin-t\u00edtulo-12.jpg 360w, https:\/\/www.campingbenidorm.com\/wp-content\/uploads\/2017\/07\/Sin-t\u00edtulo-12-300x25.jpg 300w\" sizes=\"(max-width: 360px) 100vw, 360px\" \/><\/p>\n<p>La ligne d\u2019autobus n\u00ba 4 sort \u00e0 chaque heure pile.<\/p>\n<p>En taxi : distance approximative au camping 3 Km.[\/vc_column_text][\/vc_column][vc_column width=\u00a0\u00bb1\/3&Prime;][vc_column_text]<\/p>\n<h3 style=\"text-align: center;\">En voiture<\/h3>\n<p>&nbsp;<\/p>\n<p style=\"text-align: justify;\"><img loading=\"lazy\" decoding=\"async\" class=\"size-full wp-image-392 aligncenter\" src=\"https:\/\/www.campingbenidorm.com\/wp-content\/uploads\/2017\/07\/Sin-t\u00edtulo-12.jpg\" alt=\"\" width=\"360\" height=\"30\" srcset=\"https:\/\/www.campingbenidorm.com\/wp-content\/uploads\/2017\/07\/Sin-t\u00edtulo-12.jpg 360w, https:\/\/www.campingbenidorm.com\/wp-content\/uploads\/2017\/07\/Sin-t\u00edtulo-12-300x25.jpg 300w\" sizes=\"(max-width: 360px) 100vw, 360px\" \/><\/p>\n<p>Depuis l\u2019autoroute AP-7 : sortie Benidorm plage de Levante ; descendre tout droit sur l\u2019avenue Comunidad Europea et au 2e rond-point, tourner \u00e0 gauche sur l\u2019avenue Comunidad Valenciana; au prochain rond-point, tournez \u00e0 droite (avenue Severo Ochoa) et le camping se trouve \u00e0 700 m sur votre gauche.<\/p>\n<p>Depuis la N-332 : sortie de Benidorm Plage de Levante ; \u00e0 500 m au rond-point tourner \u00e0 gauche en direction Rinc\u00f3n de Loix et le camping se trouve \u00e0 700 m sur votre gauche.[\/vc_column_text][\/vc_column][\/vc_row]<\/p>\n<\/div>","protected":false},"excerpt":{"rendered":"<p>[vc_row][vc_column][vc_column_text] Contacter Camping Benidorm &nbsp; Remplissez le formulaire de contact pour contacter avec Camping Benidorm. Remplissez les champs suivants pour nous joindre. Notre personnel de service de la client\u00e9le vous r\u00e9pondra avec le plus rapidement possible. Si vous souhaitez recevoir une attention plus personnalis\u00e9e, vous pouvez nous apeller au:\u00a0+34 96 586 00 11[\/vc_column_text][\/vc_column][\/vc_row][vc_row css=\u00a0\u00bb.vc_custom_1499760387122{margin-top: -50px&hellip;<\/p>\n","protected":false},"author":1,"featured_media":0,"parent":0,"menu_order":0,"comment_status":"closed","ping_status":"closed","template":"","meta":{"footnotes":""},"_links":{"self":[{"href":"https:\/\/www.campingbenidorm.com\/fr\/wp-json\/wp\/v2\/pages\/685"}],"collection":[{"href":"https:\/\/www.campingbenidorm.com\/fr\/wp-json\/wp\/v2\/pages"}],"about":[{"href":"https:\/\/www.campingbenidorm.com\/fr\/wp-json\/wp\/v2\/types\/page"}],"author":[{"embeddable":true,"href":"https:\/\/www.campingbenidorm.com\/fr\/wp-json\/wp\/v2\/users\/1"}],"replies":[{"embeddable":true,"href":"https:\/\/www.campingbenidorm.com\/fr\/wp-json\/wp\/v2\/comments?post=685"}],"version-history":[{"count":5,"href":"https:\/\/www.campingbenidorm.com\/fr\/wp-json\/wp\/v2\/pages\/685\/revisions"}],"predecessor-version":[{"id":952,"href":"https:\/\/www.campingbenidorm.com\/fr\/wp-json\/wp\/v2\/pages\/685\/revisions\/952"}],"wp:attachment":[{"href":"https:\/\/www.campingbenidorm.com\/fr\/wp-json\/wp\/v2\/media?parent=685"}],"curies":[{"name":"wp","href":"https:\/\/api.w.org\/{rel}","templated":true}]}}