{"id":693,"date":"2017-07-24T09:56:57","date_gmt":"2017-07-24T09:56:57","guid":{"rendered":"http:\/\/www.campingbenidorm.com\/wordpress\/alojamiento\/"},"modified":"2020-05-14T12:24:25","modified_gmt":"2020-05-14T12:24:25","slug":"logement","status":"publish","type":"page","link":"https:\/\/www.campingbenidorm.com\/fr\/logement\/","title":{"rendered":"Logement"},"content":{"rendered":"<div class=\"wpb-content-wrapper\"><p>[vc_row css=\u00a0\u00bb.vc_custom_1499760555331{margin-top: -50px !important;}\u00a0\u00bb][vc_column][vc_column_text]<\/p>\n<h3 style=\"text-align: center;\">Logement disponible<\/h3>\n<p><img loading=\"lazy\" decoding=\"async\" class=\"alignnone size-full wp-image-70\" src=\"https:\/\/www.campingbenidorm.com\/wp-content\/uploads\/2017\/06\/separador_camping.png\" alt=\"\" width=\"1211\" height=\"4\" srcset=\"https:\/\/www.campingbenidorm.com\/wp-content\/uploads\/2017\/06\/separador_camping.png 1211w, https:\/\/www.campingbenidorm.com\/wp-content\/uploads\/2017\/06\/separador_camping-300x1.png 300w, https:\/\/www.campingbenidorm.com\/wp-content\/uploads\/2017\/06\/separador_camping-768x3.png 768w, https:\/\/www.campingbenidorm.com\/wp-content\/uploads\/2017\/06\/separador_camping-1024x3.png 1024w\" sizes=\"(max-width: 1211px) 100vw, 1211px\" \/><\/p>\n<p>[\/vc_column_text][\/vc_column][\/vc_row][vc_row][vc_column][\/vc_column][\/vc_row][vc_row full_width=\u00a0\u00bbstretch_row\u00a0\u00bb gap=\u00a0\u00bb20&Prime; full_height=\u00a0\u00bbyes\u00a0\u00bb columns_placement=\u00a0\u00bbtop\u00a0\u00bb][vc_column width=\u00a0\u00bb1\/2&Prime;][vc_column_text]<\/p>\n<h3 style=\"color: #dc8b10; text-align: left;\">Parcelles<\/h3>\n<p>&nbsp;<\/p>\n<p><img loading=\"lazy\" decoding=\"async\" class=\"alignnone size-full wp-image-480\" src=\"https:\/\/www.campingbenidorm.com\/wp-content\/uploads\/2017\/07\/parcellele.jpg\" alt=\"\" width=\"800\" height=\"504\" srcset=\"https:\/\/www.campingbenidorm.com\/wp-content\/uploads\/2017\/07\/parcellele.jpg 800w, https:\/\/www.campingbenidorm.com\/wp-content\/uploads\/2017\/07\/parcellele-300x189.jpg 300w, https:\/\/www.campingbenidorm.com\/wp-content\/uploads\/2017\/07\/parcellele-768x484.jpg 768w\" sizes=\"(max-width: 800px) 100vw, 800px\" \/><\/p>\n<p>Parcelles de 60 m\u00b2 avec un sol en gravier ou en terre, entour\u00e9e de haies et \u00e9quip\u00e9e de prises \u00e9lectriques et de points d\u2019eau. Elle convient aux tentes, aux autocaravanes et aux caravanes de taille moyenne. Les parcelles disposent d\u2019un espace pour garer la voiture dans la zone de parking couverte. Les petits chiens sont admis (races non-dangereuses et de moins de 15 Kg), toujours tenus et en laisse.[\/vc_column_text][vc_btn title=\u00a0\u00bbVoir les prix\u00a0\u00bb color=\u00a0\u00bbwarning\u00a0\u00bb size=\u00a0\u00bblg\u00a0\u00bb i_icon_fontawesome=\u00a0\u00bbfa fa-check\u00a0\u00bb add_icon=\u00a0\u00bbtrue\u00a0\u00bb link=\u00a0\u00bburl:http%3A%2F%2Fwww.campingbenidorm.com%2Ffr%2Fparcelles%2F|||\u00a0\u00bb][\/vc_column][vc_column width=\u00a0\u00bb1\/2&Prime;][vc_column_text]<\/p>\n<h3 style=\"color: #dc8b10; text-align: left;\">Bungalows<\/h3>\n<p>&nbsp;<\/p>\n<p><img loading=\"lazy\" decoding=\"async\" class=\"alignnone size-full wp-image-479\" src=\"https:\/\/www.campingbenidorm.com\/wp-content\/uploads\/2017\/07\/bungalows.jpg\" alt=\"\" width=\"800\" height=\"504\" srcset=\"https:\/\/www.campingbenidorm.com\/wp-content\/uploads\/2017\/07\/bungalows.jpg 800w, https:\/\/www.campingbenidorm.com\/wp-content\/uploads\/2017\/07\/bungalows-300x189.jpg 300w, https:\/\/www.campingbenidorm.com\/wp-content\/uploads\/2017\/07\/bungalows-768x484.jpg 768w\" sizes=\"(max-width: 800px) 100vw, 800px\" \/><\/p>\n<p>Des logements exceptionnels en dur, totalement \u00e9quip\u00e9s (draps, serviettes, vaisselles, couverts\u2026) pouvant accueillir 2 personnes au minimum et 7 personnes au maximum. Les bungalows disposent d\u2019une salle de bain avec douche, d\u2019une cuisine totalement \u00e9quip\u00e9e, d\u2019un salon-salle \u00e0 manger, d\u2019un porche-terrasse avec une table ext\u00e9rieure pour d\u00e9jeuner \u00e0 l\u2019air libre et d\u2019une place de parking pr\u00e8s du bungalow. Tous les bungalows sont \u00e9quip\u00e9s de chauffage, air climatis\u00e9 et wifi en option (consulter les tarifs en r\u00e9ception). Les animaux ne sont pas admis.[\/vc_column_text][vc_btn title=\u00a0\u00bbVoir les prix\u00a0\u00bb color=\u00a0\u00bbwarning\u00a0\u00bb size=\u00a0\u00bblg\u00a0\u00bb i_icon_fontawesome=\u00a0\u00bbfa fa-check\u00a0\u00bb add_icon=\u00a0\u00bbtrue\u00a0\u00bb link=\u00a0\u00bburl:http%3A%2F%2Fwww.campingbenidorm.com%2Ffr%2Fbungalows%2F|||\u00a0\u00bb][\/vc_column][\/vc_row]<\/p>\n<\/div>","protected":false},"excerpt":{"rendered":"<p>[vc_row css=\u00a0\u00bb.vc_custom_1499760555331{margin-top: -50px !important;}\u00a0\u00bb][vc_column][vc_column_text] Logement disponible [\/vc_column_text][\/vc_column][\/vc_row][vc_row][vc_column][\/vc_column][\/vc_row][vc_row full_width=\u00a0\u00bbstretch_row\u00a0\u00bb gap=\u00a0\u00bb20&Prime; full_height=\u00a0\u00bbyes\u00a0\u00bb columns_placement=\u00a0\u00bbtop\u00a0\u00bb][vc_column width=\u00a0\u00bb1\/2&Prime;][vc_column_text] Parcelles &nbsp; Parcelles de 60 m\u00b2 avec un sol en gravier ou en terre, entour\u00e9e de haies et \u00e9quip\u00e9e de prises \u00e9lectriques et de points d\u2019eau. Elle convient aux tentes, aux autocaravanes et aux caravanes de taille moyenne. Les parcelles disposent d\u2019un espace&hellip;<\/p>\n","protected":false},"author":1,"featured_media":0,"parent":0,"menu_order":0,"comment_status":"closed","ping_status":"closed","template":"","meta":{"footnotes":""},"_links":{"self":[{"href":"https:\/\/www.campingbenidorm.com\/fr\/wp-json\/wp\/v2\/pages\/693"}],"collection":[{"href":"https:\/\/www.campingbenidorm.com\/fr\/wp-json\/wp\/v2\/pages"}],"about":[{"href":"https:\/\/www.campingbenidorm.com\/fr\/wp-json\/wp\/v2\/types\/page"}],"author":[{"embeddable":true,"href":"https:\/\/www.campingbenidorm.com\/fr\/wp-json\/wp\/v2\/users\/1"}],"replies":[{"embeddable":true,"href":"https:\/\/www.campingbenidorm.com\/fr\/wp-json\/wp\/v2\/comments?post=693"}],"version-history":[{"count":5,"href":"https:\/\/www.campingbenidorm.com\/fr\/wp-json\/wp\/v2\/pages\/693\/revisions"}],"predecessor-version":[{"id":986,"href":"https:\/\/www.campingbenidorm.com\/fr\/wp-json\/wp\/v2\/pages\/693\/revisions\/986"}],"wp:attachment":[{"href":"https:\/\/www.campingbenidorm.com\/fr\/wp-json\/wp\/v2\/media?parent=693"}],"curies":[{"name":"wp","href":"https:\/\/api.w.org\/{rel}","templated":true}]}}