{"id":699,"date":"2017-06-27T08:54:24","date_gmt":"2017-06-27T08:54:24","guid":{"rendered":"http:\/\/www.campingbenidorm.com\/wordpress\/el-camping\/"},"modified":"2017-08-31T10:21:20","modified_gmt":"2017-08-31T10:21:20","slug":"histoire","status":"publish","type":"page","link":"https:\/\/www.campingbenidorm.com\/fr\/histoire\/","title":{"rendered":"Histoire"},"content":{"rendered":"<div class=\"wpb-content-wrapper\"><p>[vc_row css=\u00a0\u00bb.vc_custom_1499760555331{margin-top: -50px !important;}\u00a0\u00bb][vc_column][vc_column_text]<\/p>\n<h3 style=\"text-align: center;\">Histoire<\/h3>\n<p><img loading=\"lazy\" decoding=\"async\" class=\"alignnone size-full wp-image-70\" src=\"https:\/\/www.campingbenidorm.com\/wp-content\/uploads\/2017\/06\/separador_camping.png\" alt=\"\" width=\"1211\" height=\"4\" srcset=\"https:\/\/www.campingbenidorm.com\/wp-content\/uploads\/2017\/06\/separador_camping.png 1211w, https:\/\/www.campingbenidorm.com\/wp-content\/uploads\/2017\/06\/separador_camping-300x1.png 300w, https:\/\/www.campingbenidorm.com\/wp-content\/uploads\/2017\/06\/separador_camping-768x3.png 768w, https:\/\/www.campingbenidorm.com\/wp-content\/uploads\/2017\/06\/separador_camping-1024x3.png 1024w\" sizes=\"(max-width: 1211px) 100vw, 1211px\" \/><\/p>\n<p>&nbsp;<\/p>\n<p style=\"text-align: center;\"><strong>Qui se cache derri\u00e8re notre nom\u00a0?\u00a0Camping Benidorm est une affaire de famille qui a \u00e9volu\u00e9 de g\u00e9n\u00e9ration en g\u00e9n\u00e9ration.<\/strong><\/p>\n<p>[\/vc_column_text][\/vc_column][\/vc_row][vc_row][vc_column][\/vc_column][\/vc_row][vc_row][vc_column width=\u00a0\u00bb1\/2&Prime;][vc_single_image image=\u00a0\u00bb490&Prime; img_size=\u00a0\u00bbfull\u00a0\u00bb][\/vc_column][vc_column width=\u00a0\u00bb1\/2&Prime;][vc_single_image image=\u00a0\u00bb486&Prime; img_size=\u00a0\u00bbfull\u00a0\u00bb][\/vc_column][\/vc_row][vc_row full_width=\u00a0\u00bbstretch_row\u00a0\u00bb gap=\u00a0\u00bb20&Prime; full_height=\u00a0\u00bbyes\u00a0\u00bb columns_placement=\u00a0\u00bbtop\u00a0\u00bb][vc_column][vc_column_text]<\/p>\n<h2 style=\"text-align: center;\">Depuis 1957, nous offrons le meilleur service \u00e0 nos clients<\/h2>\n<p>[\/vc_column_text][vc_column_text]<\/p>\n<h5 style=\"text-align: center; color: #dc8b10;\"><\/h5>\n<p>Camping Benidorm a une grande histoire\u2026 depuis 1957\u2026 Une histoire de famille qui a laiss\u00e9 sa trace tout au long de 60 ann\u00e9es, dans son effort pour faire de son camping un lieu d\u2019exception.<\/p>\n<p>Aujourd\u2019hui, c\u2019est le camping le plus ancien de Benidorm. Un endroit exceptionnel pour ceux qui sont en qu\u00eate de paix, de tranquillit\u00e9 et de respect de la nature. Notre camping est la meilleure option pour profiter de vacances en famille, avec des amis ou simplement en couple.<\/p>\n<p>Le camping se trouve dans la ville de Benidorm, la ville espagnole de la province d\u2019Alicante, dans la Communaut\u00e9 de Valence. Il se situe aux rives de la mer M\u00e9diterran\u00e9e, dans la contr\u00e9e de la\u00a0Marina Baja, \u00e0 2 km de la plage de Levante dans un environnement tranquille et \u00e9loign\u00e9 du tumulte du centre de la ville. Dans nos environs, vous pourrez trouver une grande diversit\u00e9 de bars, de restaurants et de magasins, et une multitude de loisir et de divertissement qu\u2019offre la ville.<\/p>\n<p>Laissez-vous s\u00e9duire par cette magnifique zone dans laquelle vous trouverez tout le meilleur de la Costa Blanca.[\/vc_column_text][\/vc_column][\/vc_row]<\/p>\n<\/div>","protected":false},"excerpt":{"rendered":"<p>[vc_row css=\u00a0\u00bb.vc_custom_1499760555331{margin-top: -50px !important;}\u00a0\u00bb][vc_column][vc_column_text] Histoire &nbsp; Qui se cache derri\u00e8re notre nom\u00a0?\u00a0Camping Benidorm est une affaire de famille qui a \u00e9volu\u00e9 de g\u00e9n\u00e9ration en g\u00e9n\u00e9ration. [\/vc_column_text][\/vc_column][\/vc_row][vc_row][vc_column][\/vc_column][\/vc_row][vc_row][vc_column width=\u00a0\u00bb1\/2&Prime;][vc_single_image image=\u00a0\u00bb490&Prime; img_size=\u00a0\u00bbfull\u00a0\u00bb][\/vc_column][vc_column width=\u00a0\u00bb1\/2&Prime;][vc_single_image image=\u00a0\u00bb486&Prime; img_size=\u00a0\u00bbfull\u00a0\u00bb][\/vc_column][\/vc_row][vc_row full_width=\u00a0\u00bbstretch_row\u00a0\u00bb gap=\u00a0\u00bb20&Prime; full_height=\u00a0\u00bbyes\u00a0\u00bb columns_placement=\u00a0\u00bbtop\u00a0\u00bb][vc_column][vc_column_text] Depuis 1957, nous offrons le meilleur service \u00e0 nos clients [\/vc_column_text][vc_column_text] Camping Benidorm a une grande histoire\u2026 depuis 1957\u2026&hellip;<\/p>\n","protected":false},"author":1,"featured_media":0,"parent":0,"menu_order":0,"comment_status":"closed","ping_status":"closed","template":"","meta":{"footnotes":""},"_links":{"self":[{"href":"https:\/\/www.campingbenidorm.com\/fr\/wp-json\/wp\/v2\/pages\/699"}],"collection":[{"href":"https:\/\/www.campingbenidorm.com\/fr\/wp-json\/wp\/v2\/pages"}],"about":[{"href":"https:\/\/www.campingbenidorm.com\/fr\/wp-json\/wp\/v2\/types\/page"}],"author":[{"embeddable":true,"href":"https:\/\/www.campingbenidorm.com\/fr\/wp-json\/wp\/v2\/users\/1"}],"replies":[{"embeddable":true,"href":"https:\/\/www.campingbenidorm.com\/fr\/wp-json\/wp\/v2\/comments?post=699"}],"version-history":[{"count":2,"href":"https:\/\/www.campingbenidorm.com\/fr\/wp-json\/wp\/v2\/pages\/699\/revisions"}],"predecessor-version":[{"id":701,"href":"https:\/\/www.campingbenidorm.com\/fr\/wp-json\/wp\/v2\/pages\/699\/revisions\/701"}],"wp:attachment":[{"href":"https:\/\/www.campingbenidorm.com\/fr\/wp-json\/wp\/v2\/media?parent=699"}],"curies":[{"name":"wp","href":"https:\/\/api.w.org\/{rel}","templated":true}]}}