{"id":704,"date":"2017-07-26T07:02:24","date_gmt":"2017-07-26T07:02:24","guid":{"rendered":"http:\/\/www.campingbenidorm.com\/wordpress\/bar-cafeteria\/"},"modified":"2017-08-31T10:25:17","modified_gmt":"2017-08-31T10:25:17","slug":"bar-cafeteria","status":"publish","type":"page","link":"https:\/\/www.campingbenidorm.com\/fr\/bar-cafeteria\/","title":{"rendered":"Bar \/ Caf\u00e9t\u00e9ria"},"content":{"rendered":"<div class=\"wpb-content-wrapper\"><p>[vc_row css=\u00a0\u00bb.vc_custom_1499760555331{margin-top: -50px !important;}\u00a0\u00bb][vc_column][vc_column_text]<\/p>\n<h3 style=\"text-align: center;\">Partir en vacances ne veut pas dire oublier de bien manger<\/h3>\n<p><img loading=\"lazy\" decoding=\"async\" class=\"alignnone size-full wp-image-70\" src=\"https:\/\/www.campingbenidorm.com\/wp-content\/uploads\/2017\/06\/separador_camping.png\" alt=\"\" width=\"1211\" height=\"4\" srcset=\"https:\/\/www.campingbenidorm.com\/wp-content\/uploads\/2017\/06\/separador_camping.png 1211w, https:\/\/www.campingbenidorm.com\/wp-content\/uploads\/2017\/06\/separador_camping-300x1.png 300w, https:\/\/www.campingbenidorm.com\/wp-content\/uploads\/2017\/06\/separador_camping-768x3.png 768w, https:\/\/www.campingbenidorm.com\/wp-content\/uploads\/2017\/06\/separador_camping-1024x3.png 1024w\" sizes=\"(max-width: 1211px) 100vw, 1211px\" \/>[\/vc_column_text][\/vc_column][\/vc_row][vc_row][vc_column][vc_column_text]<\/p>\n<p style=\"text-align: center;\"><strong>HORAIRES BAR-RESTAURANT <\/strong><\/p>\n<p style=\"text-align: center;\">Du lundi au dimanche de 10\u00a0h 00 \u00e0 00\u00a0h 00 \/ La cuisine ferme \u00e0 21\u00a0h 30.<\/p>\n<p>[\/vc_column_text][\/vc_column][\/vc_row][vc_row full_width=\u00a0\u00bbstretch_row\u00a0\u00bb gap=\u00a0\u00bb20&Prime; full_height=\u00a0\u00bbyes\u00a0\u00bb columns_placement=\u00a0\u00bbtop\u00a0\u00bb][vc_column width=\u00a0\u00bb1\/2&Prime;][vc_column_text]Dans le Camping Benidorm, nous nous sommes employ\u00e9s \u00e0 donner le meilleur service \u00e0 nos convives. Venez visiter et v\u00e9rifier par vous-m\u00eame, nous vous attendons\u00a0!<\/p>\n<p>Dans le Restaurant CB\u00b4S, d\u2019une <strong>capacit\u00e9 de 100 convives,\u00a0<\/strong>vous pourrez profiter de menus incroyables \u00e0 tout petit prix, toujours avec des produits de grande qualit\u00e9. Nous mettons \u00e9galement \u00e0 votre disposition une carte vari\u00e9e d\u2019excellents plats compos\u00e9s pens\u00e9s pour toute la famille.<\/p>\n<p>Pour que nos clients internationaux se sentent comment chez eux, nous proposons chaque vendredi de d\u00e9licieux Fish&amp;chips et le dimanche, le classique Carvery. Profitez de l\u2019opportunit\u00e9 de d\u00e9couvrir les plats typiques de la gastronomie anglaise.<\/p>\n<p>Pendant toute l\u2019ann\u00e9e, vous pourrez profiter de nos amusantes sessions de musique en direct, de Karaoke pour les plus audacieux, de \u00ab Quiz \u00bb pour ceux qui aiment entra\u00eener leur esprit et enfin, nous ne pouvions pas omettre nos rencontres traditionnelles de musique improvis\u00e9e dans les sessions de \u00ab Jam Session \u00bb.<\/p>\n<p>Nous ouvrons toute l\u2019ann\u00e9e et nous disposons d\u2019un parking gratuit pour nos clients.<\/p>\n<p>&nbsp;<\/p>\n<p>Apr\u00e8s avoir r\u00e9serv\u00e9, nous organisons des repas pour les groupes, les entreprises ou tout genre de c\u00e9l\u00e9brations.[\/vc_column_text][\/vc_column][vc_column width=\u00a0\u00bb1\/2&Prime;][vc_column_text]\t\t\t<script src=\"\/\/www.campingbenidorm.com\/wp-content\/plugins\/revslider\/public\/assets\/js\/rbtools.min.js?rev=6.6.20\"><\/script>\n\t\t\t<script src=\"\/\/www.campingbenidorm.com\/wp-content\/plugins\/revslider\/public\/assets\/js\/rs6.min.js?rev=6.6.20\"><\/script>\n\n\t\t\t<!-- START bar REVOLUTION SLIDER 6.6.20 --><p class=\"rs-p-wp-fix\"><\/p>\n\t\t\t<rs-module-wrap id=\"rev_slider_3_1_wrapper\" data-source=\"gallery\" style=\"visibility:hidden;background:transparent;padding:0;margin:0px auto;margin-top:0;margin-bottom:0;\">\n\t\t\t\t<rs-module id=\"rev_slider_3_1\" style=\"\" data-version=\"6.6.20\">\n\t\t\t\t\t<rs-slides style=\"overflow: hidden; position: absolute;\">\n\t\t\t\t\t\t<rs-slide style=\"position: absolute;\" data-key=\"rs-59\" data-title=\"Slide\" data-thumb=\"\/\/www.campingbenidorm.com\/wp-content\/uploads\/2020\/05\/01-100x50.jpg\" data-anim=\"ms:600;r:0;\" data-in=\"o:0;\" data-out=\"a:false;\">\n\t\t\t\t\t\t\t<img decoding=\"async\" src=\"\/\/www.campingbenidorm.com\/wp-content\/plugins\/revslider\/public\/assets\/assets\/dummy.png\" alt=\"\" title=\"01\" width=\"700\" height=\"700\" class=\"rev-slidebg tp-rs-img rs-lazyload\" data-lazyload=\"\/\/www.campingbenidorm.com\/wp-content\/uploads\/2020\/05\/01.jpg\" data-no-retina>\n<!---->\t\t\t\t\t\t<\/rs-slide>\n\t\t\t\t\t\t<rs-slide style=\"position: absolute;\" data-key=\"rs-56\" data-title=\"Slide\" data-thumb=\"\/\/www.campingbenidorm.com\/wp-content\/uploads\/2020\/05\/02-100x50.jpg\" data-anim=\"ms:600;r:0;\" data-in=\"o:0;\" data-out=\"a:false;\">\n\t\t\t\t\t\t\t<img decoding=\"async\" src=\"\/\/www.campingbenidorm.com\/wp-content\/plugins\/revslider\/public\/assets\/assets\/dummy.png\" alt=\"\" title=\"02\" width=\"700\" height=\"700\" class=\"rev-slidebg tp-rs-img rs-lazyload\" data-lazyload=\"\/\/www.campingbenidorm.com\/wp-content\/uploads\/2020\/05\/02.jpg\" data-no-retina>\n<!---->\t\t\t\t\t\t<\/rs-slide>\n\t\t\t\t\t\t<rs-slide style=\"position: absolute;\" data-key=\"rs-54\" data-title=\"Slide\" data-thumb=\"\/\/www.campingbenidorm.com\/wp-content\/uploads\/2020\/05\/03-100x50.jpg\" data-anim=\"ms:600;r:0;\" data-in=\"o:0;\" data-out=\"a:false;\">\n\t\t\t\t\t\t\t<img decoding=\"async\" src=\"\/\/www.campingbenidorm.com\/wp-content\/plugins\/revslider\/public\/assets\/assets\/dummy.png\" alt=\"\" title=\"03\" width=\"700\" height=\"700\" class=\"rev-slidebg tp-rs-img rs-lazyload\" data-lazyload=\"\/\/www.campingbenidorm.com\/wp-content\/uploads\/2020\/05\/03.jpg\" data-no-retina>\n<!---->\t\t\t\t\t\t<\/rs-slide>\n\t\t\t\t\t\t<rs-slide style=\"position: absolute;\" data-key=\"rs-60\" data-title=\"Slide\" data-thumb=\"\/\/www.campingbenidorm.com\/wp-content\/uploads\/2020\/05\/04-100x50.jpg\" data-anim=\"ms:600;r:0;\" data-in=\"o:0;\" data-out=\"a:false;\">\n\t\t\t\t\t\t\t<img decoding=\"async\" src=\"\/\/www.campingbenidorm.com\/wp-content\/plugins\/revslider\/public\/assets\/assets\/dummy.png\" alt=\"\" title=\"04\" width=\"700\" height=\"700\" class=\"rev-slidebg tp-rs-img rs-lazyload\" data-lazyload=\"\/\/www.campingbenidorm.com\/wp-content\/uploads\/2020\/05\/04.jpg\" data-no-retina>\n<!---->\t\t\t\t\t\t<\/rs-slide>\n\t\t\t\t\t\t<rs-slide style=\"position: absolute;\" data-key=\"rs-61\" data-title=\"Slide\" data-thumb=\"\/\/www.campingbenidorm.com\/wp-content\/uploads\/2020\/05\/05-100x50.jpg\" data-anim=\"ms:600;r:0;\" data-in=\"o:0;\" data-out=\"a:false;\">\n\t\t\t\t\t\t\t<img decoding=\"async\" src=\"\/\/www.campingbenidorm.com\/wp-content\/plugins\/revslider\/public\/assets\/assets\/dummy.png\" alt=\"\" title=\"05\" width=\"700\" height=\"700\" class=\"rev-slidebg tp-rs-img rs-lazyload\" data-lazyload=\"\/\/www.campingbenidorm.com\/wp-content\/uploads\/2020\/05\/05.jpg\" data-no-retina>\n<!---->\t\t\t\t\t\t<\/rs-slide>\n\t\t\t\t\t\t<rs-slide style=\"position: absolute;\" data-key=\"rs-62\" data-title=\"Slide\" data-thumb=\"\/\/www.campingbenidorm.com\/wp-content\/uploads\/2020\/05\/06-100x50.jpg\" data-anim=\"ms:600;r:0;\" data-in=\"o:0;\" data-out=\"a:false;\">\n\t\t\t\t\t\t\t<img decoding=\"async\" src=\"\/\/www.campingbenidorm.com\/wp-content\/plugins\/revslider\/public\/assets\/assets\/dummy.png\" alt=\"\" title=\"06\" width=\"700\" height=\"700\" class=\"rev-slidebg tp-rs-img rs-lazyload\" data-lazyload=\"\/\/www.campingbenidorm.com\/wp-content\/uploads\/2020\/05\/06.jpg\" data-no-retina>\n<!---->\t\t\t\t\t\t<\/rs-slide>\n\t\t\t\t\t<\/rs-slides>\n\t\t\t\t<\/rs-module>\n\t\t\t\t<script>\n\t\t\t\t\tsetREVStartSize({c: 'rev_slider_3_1',rl:[1240,1024,778,480],el:[700],gw:[700],gh:[700],type:'standard',justify:'',layout:'fullwidth',mh:\"0\"});if (window.RS_MODULES!==undefined && window.RS_MODULES.modules!==undefined && window.RS_MODULES.modules[\"revslider31\"]!==undefined) {window.RS_MODULES.modules[\"revslider31\"].once = false;window.revapi3 = undefined;if (window.RS_MODULES.checkMinimal!==undefined) window.RS_MODULES.checkMinimal()}\n\t\t\t\t<\/script>\n\t\t\t<\/rs-module-wrap>\n\t\t\t<!-- END REVOLUTION SLIDER -->\n[\/vc_column_text][\/vc_column][\/vc_row]<\/p>\n<\/div>","protected":false},"excerpt":{"rendered":"<p>[vc_row css=\u00a0\u00bb.vc_custom_1499760555331{margin-top: -50px !important;}\u00a0\u00bb][vc_column][vc_column_text] Partir en vacances ne veut pas dire oublier de bien manger [\/vc_column_text][\/vc_column][\/vc_row][vc_row][vc_column][vc_column_text] HORAIRES BAR-RESTAURANT Du lundi au dimanche de 10\u00a0h 00 \u00e0 00\u00a0h 00 \/ La cuisine ferme \u00e0 21\u00a0h 30. [\/vc_column_text][\/vc_column][\/vc_row][vc_row full_width=\u00a0\u00bbstretch_row\u00a0\u00bb gap=\u00a0\u00bb20&Prime; full_height=\u00a0\u00bbyes\u00a0\u00bb columns_placement=\u00a0\u00bbtop\u00a0\u00bb][vc_column width=\u00a0\u00bb1\/2&Prime;][vc_column_text]Dans le Camping Benidorm, nous nous sommes employ\u00e9s \u00e0 donner le meilleur service \u00e0 nos&hellip;<\/p>\n","protected":false},"author":1,"featured_media":0,"parent":0,"menu_order":0,"comment_status":"closed","ping_status":"closed","template":"","meta":{"footnotes":""},"_links":{"self":[{"href":"https:\/\/www.campingbenidorm.com\/fr\/wp-json\/wp\/v2\/pages\/704"}],"collection":[{"href":"https:\/\/www.campingbenidorm.com\/fr\/wp-json\/wp\/v2\/pages"}],"about":[{"href":"https:\/\/www.campingbenidorm.com\/fr\/wp-json\/wp\/v2\/types\/page"}],"author":[{"embeddable":true,"href":"https:\/\/www.campingbenidorm.com\/fr\/wp-json\/wp\/v2\/users\/1"}],"replies":[{"embeddable":true,"href":"https:\/\/www.campingbenidorm.com\/fr\/wp-json\/wp\/v2\/comments?post=704"}],"version-history":[{"count":1,"href":"https:\/\/www.campingbenidorm.com\/fr\/wp-json\/wp\/v2\/pages\/704\/revisions"}],"predecessor-version":[{"id":705,"href":"https:\/\/www.campingbenidorm.com\/fr\/wp-json\/wp\/v2\/pages\/704\/revisions\/705"}],"wp:attachment":[{"href":"https:\/\/www.campingbenidorm.com\/fr\/wp-json\/wp\/v2\/media?parent=704"}],"curies":[{"name":"wp","href":"https:\/\/api.w.org\/{rel}","templated":true}]}}