{"id":725,"date":"2017-07-17T13:37:00","date_gmt":"2017-07-17T13:37:00","guid":{"rendered":"http:\/\/www.campingbenidorm.com\/wordpress\/parcelas\/"},"modified":"2025-12-31T09:00:57","modified_gmt":"2025-12-31T09:00:57","slug":"parcelles","status":"publish","type":"page","link":"https:\/\/www.campingbenidorm.com\/fr\/parcelles\/","title":{"rendered":"Parcelles"},"content":{"rendered":"<div class=\"wpb-content-wrapper\"><p>[vc_row][vc_column][vc_column_text]<\/p>\n<h3 style=\"text-align: center;\">Prix des Parcelles<\/h3>\n<h3 style=\"text-align: center;\"><img loading=\"lazy\" decoding=\"async\" class=\"alignnone size-full wp-image-70\" src=\"https:\/\/www.campingbenidorm.com\/wp-content\/uploads\/2017\/06\/separador_camping.png\" alt=\"\" width=\"1211\" height=\"4\" srcset=\"https:\/\/www.campingbenidorm.com\/wp-content\/uploads\/2017\/06\/separador_camping.png 1211w, https:\/\/www.campingbenidorm.com\/wp-content\/uploads\/2017\/06\/separador_camping-300x1.png 300w, https:\/\/www.campingbenidorm.com\/wp-content\/uploads\/2017\/06\/separador_camping-768x3.png 768w, https:\/\/www.campingbenidorm.com\/wp-content\/uploads\/2017\/06\/separador_camping-1024x3.png 1024w\" sizes=\"(max-width: 1211px) 100vw, 1211px\" \/><\/h3>\n<p>&nbsp;<\/p>\n<p style=\"background: white; margin: 0cm 0cm 7.5pt; text-align: center;\"><span style=\"font-size: 11.5pt; font-family: 'Open Sans','sans-serif'; color: #72777d;\">Le prix du h\u00e9bergement comprend: <\/span><\/p>\n<p style=\"margin: 0cm; margin-bottom: .0001pt; text-align: center; background: white;\" align=\"center\"><strong><span style=\"font-size: 11.5pt; font-family: 'Open Sans','sans-serif'; color: #72777d;\">2 personnes \u00a0\/\/ \u00a0Caravane+voiture ou Camping-car ou tente+voiture \u00a0\/\/ \u00a0Acc\u00e9s aux avantages du camping \u00a0\/\/ Acc\u00e9s aux toilettes\/\/ \u00a0Acc\u00e9s \u00e1 la piscine<\/span><\/strong><\/p>\n<p>[\/vc_column_text][\/vc_column][\/vc_row][vc_row][vc_column width=\u00a0\u00bb1\/2&Prime;][vc_single_image image=\u00a0\u00bb2365&Prime; img_size=\u00a0\u00bbfull\u00a0\u00bb][\/vc_column][vc_column width=\u00a0\u00bb1\/2&Prime;][vc_single_image image=\u00a0\u00bb2381&Prime; img_size=\u00a0\u00bbfull\u00a0\u00bb][\/vc_column][\/vc_row][vc_row][vc_column width=\u00a0\u00bb1\/2&Prime;][vc_single_image image=\u00a0\u00bb789&Prime; img_size=\u00a0\u00bbfull\u00a0\u00bb alignment=\u00a0\u00bbcenter\u00a0\u00bb][\/vc_column][vc_column width=\u00a0\u00bb1\/2&Prime;][vc_single_image image=\u00a0\u00bb1929&Prime; img_size=\u00a0\u00bbfull\u00a0\u00bb alignment=\u00a0\u00bbcenter\u00a0\u00bb][\/vc_column][\/vc_row][vc_row][vc_column][\/vc_column][\/vc_row][vc_row][vc_column width=\u00a0\u00bb1\/2&Prime;][vc_single_image image=\u00a0\u00bb2460&Prime; img_size=\u00a0\u00bbfull\u00a0\u00bb][\/vc_column][vc_column width=\u00a0\u00bb1\/2&Prime;][\/vc_column][\/vc_row][vc_row][vc_column width=\u00a0\u00bb1\/2&Prime;][vc_column_text]<\/p>\n<h2 style=\"text-align: center;\">R\u00e9server par t\u00e9l\u00e9phone au<\/h2>\n<h2 style=\"text-align: center;\"><b>+34 965 860 011<\/b><\/h2>\n<p>[\/vc_column_text][\/vc_column][vc_column width=\u00a0\u00bb1\/2&Prime;][vc_btn title=\u00a0\u00bbConditions g\u00e9n\u00e9rales de r\u00e9servation\u00a0\u00bb color=\u00a0\u00bbwarning\u00a0\u00bb size=\u00a0\u00bblg\u00a0\u00bb align=\u00a0\u00bbcenter\u00a0\u00bb button_block=\u00a0\u00bbtrue\u00a0\u00bb link=\u00a0\u00bburl:https%3A%2F%2Fwww.campingbenidorm.com%2Ffr%2Fconditions-generales-de-reservation%2F|||\u00a0\u00bb el_class=\u00a0\u00bbbackground:#000;\u00a0\u00bb][\/vc_column][\/vc_row]<\/p>\n<\/div>","protected":false},"excerpt":{"rendered":"<p>[vc_row][vc_column][vc_column_text] Prix des Parcelles &nbsp; Le prix du h\u00e9bergement comprend: 2 personnes \u00a0\/\/ \u00a0Caravane+voiture ou Camping-car ou tente+voiture \u00a0\/\/ \u00a0Acc\u00e9s aux avantages du camping \u00a0\/\/ Acc\u00e9s aux toilettes\/\/ \u00a0Acc\u00e9s \u00e1 la piscine [\/vc_column_text][\/vc_column][\/vc_row][vc_row][vc_column width=\u00a0\u00bb1\/2&Prime;][vc_single_image image=\u00a0\u00bb2365&Prime; img_size=\u00a0\u00bbfull\u00a0\u00bb][\/vc_column][vc_column width=\u00a0\u00bb1\/2&Prime;][vc_single_image image=\u00a0\u00bb2381&Prime; img_size=\u00a0\u00bbfull\u00a0\u00bb][\/vc_column][\/vc_row][vc_row][vc_column width=\u00a0\u00bb1\/2&Prime;][vc_single_image image=\u00a0\u00bb789&Prime; img_size=\u00a0\u00bbfull\u00a0\u00bb alignment=\u00a0\u00bbcenter\u00a0\u00bb][\/vc_column][vc_column width=\u00a0\u00bb1\/2&Prime;][vc_single_image image=\u00a0\u00bb1929&Prime; img_size=\u00a0\u00bbfull\u00a0\u00bb alignment=\u00a0\u00bbcenter\u00a0\u00bb][\/vc_column][\/vc_row][vc_row][vc_column][\/vc_column][\/vc_row][vc_row][vc_column width=\u00a0\u00bb1\/2&Prime;][vc_single_image image=\u00a0\u00bb2460&Prime; img_size=\u00a0\u00bbfull\u00a0\u00bb][\/vc_column][vc_column width=\u00a0\u00bb1\/2&Prime;][\/vc_column][\/vc_row][vc_row][vc_column width=\u00a0\u00bb1\/2&Prime;][vc_column_text] R\u00e9server par t\u00e9l\u00e9phone&hellip;<\/p>\n","protected":false},"author":1,"featured_media":0,"parent":0,"menu_order":0,"comment_status":"closed","ping_status":"closed","template":"","meta":{"footnotes":""},"_links":{"self":[{"href":"https:\/\/www.campingbenidorm.com\/fr\/wp-json\/wp\/v2\/pages\/725"}],"collection":[{"href":"https:\/\/www.campingbenidorm.com\/fr\/wp-json\/wp\/v2\/pages"}],"about":[{"href":"https:\/\/www.campingbenidorm.com\/fr\/wp-json\/wp\/v2\/types\/page"}],"author":[{"embeddable":true,"href":"https:\/\/www.campingbenidorm.com\/fr\/wp-json\/wp\/v2\/users\/1"}],"replies":[{"embeddable":true,"href":"https:\/\/www.campingbenidorm.com\/fr\/wp-json\/wp\/v2\/comments?post=725"}],"version-history":[{"count":21,"href":"https:\/\/www.campingbenidorm.com\/fr\/wp-json\/wp\/v2\/pages\/725\/revisions"}],"predecessor-version":[{"id":2464,"href":"https:\/\/www.campingbenidorm.com\/fr\/wp-json\/wp\/v2\/pages\/725\/revisions\/2464"}],"wp:attachment":[{"href":"https:\/\/www.campingbenidorm.com\/fr\/wp-json\/wp\/v2\/media?parent=725"}],"curies":[{"name":"wp","href":"https:\/\/api.w.org\/{rel}","templated":true}]}}