{"id":741,"date":"2017-06-27T08:56:52","date_gmt":"2017-06-27T08:56:52","guid":{"rendered":"http:\/\/www.campingbenidorm.com\/wordpress\/bungalows\/"},"modified":"2025-12-31T09:01:16","modified_gmt":"2025-12-31T09:01:16","slug":"bungalows","status":"publish","type":"page","link":"https:\/\/www.campingbenidorm.com\/fr\/bungalows\/","title":{"rendered":"Bungalows"},"content":{"rendered":"<div class=\"wpb-content-wrapper\"><p>[vc_row][vc_column][vc_column_text]<\/p>\n<h3 style=\"text-align: center;\">Prix des Bungalow<\/h3>\n<p style=\"text-align: center;\"><img loading=\"lazy\" decoding=\"async\" class=\"alignnone size-full wp-image-70\" src=\"https:\/\/www.campingbenidorm.com\/wp-content\/uploads\/2017\/06\/separador_camping.png\" alt=\"\" width=\"1211\" height=\"4\" srcset=\"https:\/\/www.campingbenidorm.com\/wp-content\/uploads\/2017\/06\/separador_camping.png 1211w, https:\/\/www.campingbenidorm.com\/wp-content\/uploads\/2017\/06\/separador_camping-300x1.png 300w, https:\/\/www.campingbenidorm.com\/wp-content\/uploads\/2017\/06\/separador_camping-768x3.png 768w, https:\/\/www.campingbenidorm.com\/wp-content\/uploads\/2017\/06\/separador_camping-1024x3.png 1024w\" sizes=\"(max-width: 1211px) 100vw, 1211px\" \/><\/p>\n<p>Le Prix du h\u00e9bergement comprend:<\/p>\n<p><strong>Terrasse meubl\u00e9e \u00a0\/\/ \u00a0Cuisine \u00e9quip\u00e9e \u00a0\/\/ \u00a0Salle de bain \u00a0\/\/ \u00a0Air conditionn\u00e9\/ Chauffage \u00a0\u00a0\/\/ \u00a0TV \u00a0\/\/ \u00a0Couverture\/Oreiller\/Linge\/Serviette\u00a0 (Change une fois par semaine sans co\u00fbt suppl\u00e9mentaire ) \u00a0\/\/ \u00a0\u00c9lectricit\u00e9 \/ Eau chaude \u00a0\/\/ \u00a0Parking pour 1 voiture \u00a0\u00a0\/\/ \u00a0Acc\u00e9s aux avantages du camping \u00a0<\/strong><strong>\/\/ Wifi ( v\u00e9rifier les tarifs \u00e1 la r\u00e9ception ) \u00a0\/\/ \u00a0Acc\u00e9s \u00e1 l\u00b4utilisation du barbecue avec l\u00b4autorisation de la \u00a0r\u00e9ception <\/strong>[\/vc_column_text][\/vc_column][\/vc_row][vc_row][vc_column width=\u00a0\u00bb1\/2&Prime;][vc_single_image image=\u00a0\u00bb2401&Prime; img_size=\u00a0\u00bbfull\u00a0\u00bb][vc_single_image image=\u00a0\u00bb747&Prime; img_size=\u00a0\u00bbfull\u00a0\u00bb][vc_single_image image=\u00a0\u00bb2421&Prime; img_size=\u00a0\u00bbfull\u00a0\u00bb][\/vc_column][vc_column width=\u00a0\u00bb1\/2&Prime;][vc_single_image image=\u00a0\u00bb2465&Prime; img_size=\u00a0\u00bbfull\u00a0\u00bb][\/vc_column][\/vc_row][vc_row][vc_column][vc_column_text]Arriv\u00e9e a partir du 14:00h \/\/ \u00c9lectricit\u00e9 incluse \u00a0( sauf promotions) \u00a0\/\/ \u00a0Depart avant midi, \u00a012:00h \u00a0\/\/ \u00a0Nettoyage non inclus (quitter le bungalow dans les m\u00e9mes conditions que le jour de votre arriv\u00e9e) \u00a0\/\/ \u00a0Les animaux domestiques ne sont pas autoris\u00e9s. \u00a0\/\/ Caution de 50\u20ac[\/vc_column_text][\/vc_column][\/vc_row][vc_row][vc_column width=\u00a0\u00bb1\/2&Prime;][vc_column_text]<\/p>\n<h2 style=\"text-align: center;\">R\u00e9server par t\u00e9l\u00e9phone au +34 <b>965 860 011<\/b><\/h2>\n<p>[\/vc_column_text][\/vc_column][vc_column width=\u00a0\u00bb1\/2&Prime;][vc_btn title=\u00a0\u00bbConditions du Camping\u00a0\u00bb color=\u00a0\u00bbwarning\u00a0\u00bb size=\u00a0\u00bblg\u00a0\u00bb align=\u00a0\u00bbcenter\u00a0\u00bb button_block=\u00a0\u00bbtrue\u00a0\u00bb link=\u00a0\u00bburl:https%3A%2F%2Fwww.campingbenidorm.com%2Ffr%2Fconditions-generales-de-reservation%2F|title:Condiciones%20del%20camping||\u00a0\u00bb][\/vc_column][\/vc_row]<\/p>\n<\/div>","protected":false},"excerpt":{"rendered":"<p>[vc_row][vc_column][vc_column_text] Prix des Bungalow Le Prix du h\u00e9bergement comprend: Terrasse meubl\u00e9e \u00a0\/\/ \u00a0Cuisine \u00e9quip\u00e9e \u00a0\/\/ \u00a0Salle de bain \u00a0\/\/ \u00a0Air conditionn\u00e9\/ Chauffage \u00a0\u00a0\/\/ \u00a0TV \u00a0\/\/ \u00a0Couverture\/Oreiller\/Linge\/Serviette\u00a0 (Change une fois par semaine sans co\u00fbt suppl\u00e9mentaire ) \u00a0\/\/ \u00a0\u00c9lectricit\u00e9 \/ Eau chaude \u00a0\/\/ \u00a0Parking pour 1 voiture \u00a0\u00a0\/\/ \u00a0Acc\u00e9s aux avantages du camping \u00a0\/\/ Wifi ( v\u00e9rifier&hellip;<\/p>\n","protected":false},"author":1,"featured_media":0,"parent":0,"menu_order":0,"comment_status":"closed","ping_status":"closed","template":"","meta":{"footnotes":""},"_links":{"self":[{"href":"https:\/\/www.campingbenidorm.com\/fr\/wp-json\/wp\/v2\/pages\/741"}],"collection":[{"href":"https:\/\/www.campingbenidorm.com\/fr\/wp-json\/wp\/v2\/pages"}],"about":[{"href":"https:\/\/www.campingbenidorm.com\/fr\/wp-json\/wp\/v2\/types\/page"}],"author":[{"embeddable":true,"href":"https:\/\/www.campingbenidorm.com\/fr\/wp-json\/wp\/v2\/users\/1"}],"replies":[{"embeddable":true,"href":"https:\/\/www.campingbenidorm.com\/fr\/wp-json\/wp\/v2\/comments?post=741"}],"version-history":[{"count":17,"href":"https:\/\/www.campingbenidorm.com\/fr\/wp-json\/wp\/v2\/pages\/741\/revisions"}],"predecessor-version":[{"id":2469,"href":"https:\/\/www.campingbenidorm.com\/fr\/wp-json\/wp\/v2\/pages\/741\/revisions\/2469"}],"wp:attachment":[{"href":"https:\/\/www.campingbenidorm.com\/fr\/wp-json\/wp\/v2\/media?parent=741"}],"curies":[{"name":"wp","href":"https:\/\/api.w.org\/{rel}","templated":true}]}}